{"id":3397,"date":"2024-09-16T15:11:28","date_gmt":"2024-09-16T18:11:28","guid":{"rendered":"https:\/\/fugarural.com\/?post_type=product&#038;p=3397"},"modified":"2025-10-28T13:12:12","modified_gmt":"2025-10-28T16:12:12","slug":"roteador-sinal-4g-usb","status":"publish","type":"product","link":"https:\/\/fugarural.com\/pt\/product\/roteador-sinal-4g-usb\/","title":{"rendered":"ROUTER DE SE\u00d1AL 4G USB"},"content":{"rendered":"","protected":false},"excerpt":{"rendered":"<p><strong>\u00bfNecesitas internet en tu propiedad rural?<\/strong> Este router capta la se\u00f1al 4G de las operadoras y la convierte en se\u00f1al wifi para que conectes todos tus celulares y dispositivos. \ud83d\udce1<\/p>\n<p>\u00bfEst\u00e1s buscando un router 4G pr\u00e1ctico, estable y econ\u00f3mico? \u00a1Acabas de encontrarlo!<\/p>\n<p>&nbsp;<\/p>\n<p><strong>\u00bfC\u00f3mo funciona?<\/strong> El router 4G USB funciona con un chip com\u00fan de celular, capta la se\u00f1al 3G o 4G de las operadoras y la convierte en se\u00f1al wifi para que navegues por internet. \u00a1Solo col\u00f3calo en un lugar donde ya haya se\u00f1al de celular y listo!<\/p>\n<p>Este modelo es mejor que el modelo que muestro en el video anterior, \u00a1porque tiene tecnolog\u00eda MIMO que proporciona m\u00e1s velocidad y capta todas las frecuencias 4G del pa\u00eds! \ud83e\udd2f<\/p>\n<p>&nbsp;<\/p>\n<p><strong>Principales funciones del router:<\/strong><\/p>\n<p>1\ufe0f\u20e3 Tecnolog\u00eda MIMO para captaci\u00f3n de se\u00f1al, lo que proporciona m\u00e1s velocidad de internet \ud83d\ude80<br \/>\n2\ufe0f\u20e3 Funciona con todas las frecuencias 4G del pa\u00eds (incluyendo 700 MHz) \ud83d\udc4d<br \/>\n3\ufe0f\u20e3 Tiene wifi integrado<br \/>\n4\ufe0f\u20e3 Posee dos entradas para antena externa \ud83d\udce1<br \/>\n5\ufe0f\u20e3 Compatible con cualquier modelo de chip del mercado<\/p>\n<p>\u00a1No necesitas gastar mucho para tener conexi\u00f3n a internet en tu rancho! \ud83d\ude4f\ud83c\udffb<\/p>\n<p>&nbsp;<\/p>\n<p><strong style=\"font-size: 15px;\">SOBRE EL PEDIDO:<\/strong><\/p>\n<ul style=\"font-size: 15px;\">\n<li><strong>\u00a1El env\u00edo es gratis a cualquier parte del pa\u00eds! \ud83d\ude9a<\/strong><\/li>\n<li>El plazo de entrega es de aproximadamente 5 a 15 d\u00edas, dependiendo de la regi\u00f3n. \u23f3<\/li>\n<li>Una vez que realices el pago, te enviaremos una confirmaci\u00f3n por correo electr\u00f3nico.<\/li>\n<\/ul>\n<p>&nbsp;<\/p>\n<p><strong style=\"font-size: 18px;\">\u00bfEst\u00e1s interesado? Haga clic en el bot\u00f3n a continuaci\u00f3n para agregar al carrito o comprar ahora<\/strong><\/p>","protected":false},"featured_media":3398,"template":"","meta":[],"product_brand":[],"product_cat":[155],"product_tag":[167,168],"class_list":{"0":"post-3397","1":"product","2":"type-product","3":"status-publish","4":"has-post-thumbnail","6":"product_cat-conexao-internet-rural","7":"product_tag-internet","8":"product_tag-roteador","10":"first","11":"instock","12":"shipping-taxable","13":"purchasable","14":"product-type-simple"},"etheme_brands":{"errors":{"invalid_taxonomy":["Taxonomia inv\u00e1lida."]},"error_data":[]},"_links":{"self":[{"href":"https:\/\/fugarural.com\/pt\/wp-json\/wp\/v2\/product\/3397","targetHints":{"allow":["GET"]}}],"collection":[{"href":"https:\/\/fugarural.com\/pt\/wp-json\/wp\/v2\/product"}],"about":[{"href":"https:\/\/fugarural.com\/pt\/wp-json\/wp\/v2\/types\/product"}],"version-history":[{"count":8,"href":"https:\/\/fugarural.com\/pt\/wp-json\/wp\/v2\/product\/3397\/revisions"}],"predecessor-version":[{"id":4466,"href":"https:\/\/fugarural.com\/pt\/wp-json\/wp\/v2\/product\/3397\/revisions\/4466"}],"wp:featuredmedia":[{"embeddable":true,"href":"https:\/\/fugarural.com\/pt\/wp-json\/wp\/v2\/media\/3398"}],"wp:attachment":[{"href":"https:\/\/fugarural.com\/pt\/wp-json\/wp\/v2\/media?parent=3397"}],"wp:term":[{"taxonomy":"product_brand","embeddable":true,"href":"https:\/\/fugarural.com\/pt\/wp-json\/wp\/v2\/product_brand?post=3397"},{"taxonomy":"product_cat","embeddable":true,"href":"https:\/\/fugarural.com\/pt\/wp-json\/wp\/v2\/product_cat?post=3397"},{"taxonomy":"product_tag","embeddable":true,"href":"https:\/\/fugarural.com\/pt\/wp-json\/wp\/v2\/product_tag?post=3397"}],"curies":[{"name":"wp","href":"https:\/\/api.w.org\/{rel}","templated":true}]}}