{"id":3400,"date":"2024-09-16T15:11:30","date_gmt":"2024-09-16T18:11:30","guid":{"rendered":"https:\/\/fugarural.com\/?post_type=product&#038;p=3400"},"modified":"2025-12-03T17:06:32","modified_gmt":"2025-12-03T20:06:32","slug":"camara-solar-con-bateria-y-wifi","status":"publish","type":"product","link":"https:\/\/fugarural.com\/pt\/product\/camara-solar-con-bateria-y-wifi\/","title":{"rendered":"C\u00c2MERA SOLAR COM BATERIA E WIFI"},"content":{"rendered":"","protected":false},"excerpt":{"rendered":"<p>&nbsp;<\/p>\n<p><strong>\u00bfQuieres saber qui\u00e9n pasa por el camino frente a tu entrada? \u00bfO qui\u00e9n se para en la curva viendo el movimiento? \u00a1Monitorea toda tu propiedad desde la palma de tu mano! \ud83d\udc4b\ud83d\udc40*<\/strong><\/p>\n<p>\u00bfNo hay electricidad en la entrada, en el galp\u00f3n o en medio del pasto? \u00a1No hay problema! La c\u00e1mara solar con bater\u00eda no necesita enchufe. El ratero podr\u00e1 cortar la luz, pero ella sigue grabando, incluso en la oscuridad. \ud83d\udd0b\ud83d\udca1<\/p>\n<p>Esta c\u00e1mara es perfecta para lugares aislados sin electricidad. Funciona tanto con se\u00f1al wifi como con tarjeta de memoria. Si el \u00e1rea monitoreada a\u00fan no tiene wifi, \u00a1las alertas, im\u00e1genes y videos se guardan en la tarjeta! \ud83d\udc40<\/p>\n<p>&nbsp;<\/p>\n<p>\u00a1Mira este v\u00eddeo sobre la c\u00e1mara solar con bateria! \ud83d\udc47<\/p>\n<p><iframe loading=\"lazy\" title=\"YouTube video player\" src=\"https:\/\/www.youtube.com\/embed\/6Hgf-M0WHig\" width=\"315\" height=\"560\" frameborder=\"0\" allowfullscreen=\"allowfullscreen\"><span data-mce-type=\"bookmark\" style=\"display: inline-block; width: 0px; overflow: hidden; line-height: 0;\" class=\"mce_SELRES_start\"><\/span><span data-mce-type=\"bookmark\" style=\"display: inline-block; width: 0px; overflow: hidden; line-height: 0;\" class=\"mce_SELRES_start\"><\/span><\/iframe><\/p>\n<p>&nbsp;<\/p>\n<p><strong>Algunas ventajas exclusivas de esta c\u00e1mara:<\/strong><\/p>\n<p>1\ufe0f\u20e3 C\u00e1mara peque\u00f1a y compacta, f\u00e1cil de esconder incluso en \u00e1reas abiertas \ud83d\udd1d<br \/>\n2\ufe0f\u20e3 Bater\u00eda de alta capacidad con 9000 mAh, \u00a1autonom\u00eda de m\u00e1s de 24 horas sin sol!<br \/>\n3\ufe0f\u20e3 La c\u00e1mara incluye un panel solar de 3.5 W, capaz de mantener la grabaci\u00f3n hasta por 2 d\u00edas sin luz solar directa<br \/>\n4\ufe0f\u20e3 Protecci\u00f3n IP65 contra lluvia y polvo, perfecta para ambientes rurales \ud83c\udf26\ufe0f<\/p>\n<p>&nbsp;<\/p>\n<p><strong>\u00a1Duerme tranquilo sabiendo que tienes ojos vigilando tu rancho las 24 horas! \ud83d\udc4d\ud83d\udc4d\ud83d\udc4d<\/strong><\/p>\n<p>&nbsp;<\/p>\n<p><strong style=\"font-size: 15px;\">SOBRE EL PEDIDO:<\/strong><\/p>\n<ul style=\"font-size: 15px;\">\n<li><strong>\u00a1El env\u00edo es gratis a cualquier parte del pa\u00eds! \ud83d\ude9a<\/strong><\/li>\n<li>El plazo de entrega es de aproximadamente 5 a 15 d\u00edas, dependiendo de la regi\u00f3n. \u23f3<\/li>\n<li>Una vez que realices el pago, te enviaremos una confirmaci\u00f3n por correo electr\u00f3nico.<\/li>\n<li>El producto no incluye tarjeta de memoria.<\/li>\n<\/ul>\n<p>&nbsp;<\/p>\n<p><strong style=\"font-size: 18px;\">\u00bfEst\u00e1s interesado? Haga clic en el bot\u00f3n a continuaci\u00f3n para agregar al carrito o comprar ahora<\/strong><\/p>","protected":false},"featured_media":4683,"template":"","meta":[],"product_brand":[],"product_cat":[207],"product_tag":[169,150,152],"class_list":{"0":"post-3400","1":"product","2":"type-product","3":"status-publish","4":"has-post-thumbnail","6":"product_cat-camaras","7":"product_tag-camera","8":"product_tag-seguranca","9":"product_tag-solar","11":"first","12":"instock","13":"sale","14":"shipping-taxable","15":"purchasable","16":"product-type-simple"},"etheme_brands":{"errors":{"invalid_taxonomy":["Taxonomia inv\u00e1lida."]},"error_data":[]},"_links":{"self":[{"href":"https:\/\/fugarural.com\/pt\/wp-json\/wp\/v2\/product\/3400","targetHints":{"allow":["GET"]}}],"collection":[{"href":"https:\/\/fugarural.com\/pt\/wp-json\/wp\/v2\/product"}],"about":[{"href":"https:\/\/fugarural.com\/pt\/wp-json\/wp\/v2\/types\/product"}],"version-history":[{"count":16,"href":"https:\/\/fugarural.com\/pt\/wp-json\/wp\/v2\/product\/3400\/revisions"}],"predecessor-version":[{"id":4744,"href":"https:\/\/fugarural.com\/pt\/wp-json\/wp\/v2\/product\/3400\/revisions\/4744"}],"wp:featuredmedia":[{"embeddable":true,"href":"https:\/\/fugarural.com\/pt\/wp-json\/wp\/v2\/media\/4683"}],"wp:attachment":[{"href":"https:\/\/fugarural.com\/pt\/wp-json\/wp\/v2\/media?parent=3400"}],"wp:term":[{"taxonomy":"product_brand","embeddable":true,"href":"https:\/\/fugarural.com\/pt\/wp-json\/wp\/v2\/product_brand?post=3400"},{"taxonomy":"product_cat","embeddable":true,"href":"https:\/\/fugarural.com\/pt\/wp-json\/wp\/v2\/product_cat?post=3400"},{"taxonomy":"product_tag","embeddable":true,"href":"https:\/\/fugarural.com\/pt\/wp-json\/wp\/v2\/product_tag?post=3400"}],"curies":[{"name":"wp","href":"https:\/\/api.w.org\/{rel}","templated":true}]}}