{"id":3421,"date":"2024-09-16T15:11:46","date_gmt":"2024-09-16T18:11:46","guid":{"rendered":"https:\/\/fugarural.com\/?post_type=product&#038;p=3421"},"modified":"2025-12-03T17:06:38","modified_gmt":"2025-12-03T20:06:38","slug":"roteador-wifi-rural-de-longo-alcance-de-4-antenas","status":"publish","type":"product","link":"https:\/\/fugarural.com\/pt\/product\/roteador-wifi-rural-de-longo-alcance-de-4-antenas\/","title":{"rendered":"ROUTER WIFI RURAL DE LARGO ALCANCE PARA 1000 METROS"},"content":{"rendered":"","protected":false},"excerpt":{"rendered":"<p>&nbsp;<\/p>\n<p><strong>\u00bfYa tienes internet en la propiedad, pero la se\u00f1al wifi es muy d\u00e9bil? \u00bfSe cae todo el tiempo? \u00bfNo llega al campo, a la casa del cuidador? \u00a1Tu rancho merece una buena conexi\u00f3n!<\/strong> Habla con la gente desde cualquier lugar, comparte la internet con la casa vecina, ten wifi en la puerta, en el corral, en el almac\u00e9n. \ud83d\udcf2\ud83c\udfe1<\/p>\n<p>\u00a1Eso de estar desconectado en el campo es cosa del pasado! Con un wifi de largo alcance podr\u00e1s instalar c\u00e1maras de monitoreo, comunicarte mejor con el personal y organizar mejor tu producci\u00f3n. \u00a1Es hora de modernizar tu propiedad! \ud83d\udce1\ud83d\udc04\ud83d\ude9c<\/p>\n<p>&nbsp;<\/p>\n<p>\u00a1Mira este v\u00eddeo con el router en uso! \ud83d\udc47<\/p>\n<p><iframe loading=\"lazy\" title=\"YouTube video player\" src=\"https:\/\/www.youtube.com\/embed\/XE6TEBuOzwM\" width=\"315\" height=\"560\" frameborder=\"0\" allowfullscreen=\"allowfullscreen\"><\/iframe><\/p>\n<p><strong>La versi\u00f3n de 1000 METROS del Router WiFi de Largo Alcance tiene algunas ventajas exclusivas:<\/strong><\/p>\n<p>1\ufe0f\u20e3\u00a0 4 antenas que proporcionan mayor velocidad y estabilidad en la se\u00f1al<br \/>\n2\ufe0f\u20e3\u00a0 Modo Mesh de conexi\u00f3n, que permite crear una red de routers WiFi que se comunican entre s\u00ed, conectando todos los dispositivos a la misma red con la misma contrase\u00f1a. \u00a1Es como si tuvieras una s\u00faper red wifi cubriendo toda tu propiedad!<br \/>\n3\ufe0f\u20e3\u00a0 Salida de cable de red en la parte inferior del router, que permite conectar dispositivos que requieren conexi\u00f3n por cable, como otros routers y c\u00e1maras de seguridad<br \/>\n4\ufe0f\u20e3\u00a0 Cobertura de se\u00f1al hasta 1000 metros en \u00e1reas planas y sin muchos \u00e1rboles<\/p>\n<p>&nbsp;<\/p>\n<p><strong>\u00a1La soluci\u00f3n que estabas buscando est\u00e1 aqu\u00ed!<\/strong> El Router WiFi Rural de Largo Alcance funciona con cualquier internet y distribuye wifi hasta 1000 metros en \u00e1reas planas y despejadas. Es externo y puede soportar lluvia y sol sin problemas.<\/p>\n<p>El router es muy f\u00e1cil de instalar y configurar. Al comprar con nosotros, tambi\u00e9n recibir\u00e1s un video completo con el paso a paso de la instalaci\u00f3n.<\/p>\n<p>&nbsp;<\/p>\n<p><strong>Principales caracter\u00edsticas del Router WiFi de Largo Alcance de 4 antenas:<\/strong><\/p>\n<p>1\ufe0f\u20e3\u00a0 Alcance de 1000 metros de radio: Cobertura de se\u00f1al wifi ideal para \u00e1reas rurales y propiedades extensas \ud83d\udd1d<br \/>\n2\ufe0f\u20e3\u00a0 Alta velocidad: Navega por internet, mira videos y descarga contenido r\u00e1pidamente. Usa tanto redes de 2.4 GHz como de 5.8 GHz (alta velocidad).<br \/>\n3\ufe0f\u20e3\u00a0 Aprovecha al m\u00e1ximo la velocidad de tu conexi\u00f3n con tecnolog\u00eda gigabit que soporta velocidades superiores a 100 megas de descarga \ud83d\ude80<br \/>\n4\ufe0f\u20e3\u00a0 Protecci\u00f3n externa contra lluvia, resistencia a temperaturas extremas y punto de conexi\u00f3n a tierra contra descargas el\u00e9ctricas de hasta 15 kV \ud83d\udcaa<\/p>\n<p>&nbsp;<\/p>\n<p><strong>\u00a1Deja de sufrir con la se\u00f1al wifi!<\/strong> Solo haz clic en comprar y elige la mejor forma de pago, \u00a1puedes confiar! Equipo robusto, probado y aprobado en el campo. \ud83d\udc4a\ud83d\udc4a\ud83d\udc4a<\/p>\n<p>&nbsp;<\/p>\n<p><strong>\u00bfQu\u00e9 recibir\u00e1s en la caja del Router WiFi de Largo Alcance para 1000 metros?<\/strong><\/p>\n<p>\u2705 01 Router WiFi de Largo Alcance con 4 antenas<br \/>\n\u2705 01 Fuente de electricidad para conectar a un enchufe com\u00fan<br \/>\n\u2705 04 antenas de 7 dbi cada una para 2.4 y 5 GHz, 2 para cada frecuencia<br \/>\n\u2705 01 POE para conectar el equipo<br \/>\n\u2705 01 cable de red de 1 metro de longitud<br \/>\n\u2705 01 soporte de pl\u00e1stico para fijar el router<br \/>\n\u2705 02 bridas de pl\u00e1stico para fijaci\u00f3n<br \/>\n\u2705 04 tornillos con tacos para fijaci\u00f3n<\/p>\n<p>&nbsp;<\/p>\n<p><strong style=\"font-size: 15px;\">SOBRE EL PEDIDO:<\/strong><\/p>\n<ul style=\"font-size: 15px;\">\n<li><strong>\u00a1El env\u00edo es gratis a cualquier parte del pa\u00eds! \ud83d\ude9a<\/strong><\/li>\n<li>El plazo de entrega es de aproximadamente 5 a 15 d\u00edas, dependiendo de la regi\u00f3n. \u23f3<\/li>\n<li>Una vez que realices el pago, te enviaremos una confirmaci\u00f3n por correo electr\u00f3nico.<\/li>\n<\/ul>\n<p>&nbsp;<\/p>\n<p><strong style=\"font-size: 18px;\">\u00bfEst\u00e1s interesado? Haga clic en el bot\u00f3n a continuaci\u00f3n para agregar al carrito o comprar ahora<\/strong><\/p>","protected":false},"featured_media":4685,"template":"","meta":[],"product_brand":[],"product_cat":[183],"product_tag":[149],"class_list":{"0":"post-3421","1":"product","2":"type-product","3":"status-publish","4":"has-post-thumbnail","6":"product_cat-wifi-longo-alcance","7":"product_tag-wifi","9":"first","10":"instock","11":"sale","12":"purchasable","13":"product-type-simple"},"etheme_brands":{"errors":{"invalid_taxonomy":["Taxonomia inv\u00e1lida."]},"error_data":[]},"_links":{"self":[{"href":"https:\/\/fugarural.com\/pt\/wp-json\/wp\/v2\/product\/3421","targetHints":{"allow":["GET"]}}],"collection":[{"href":"https:\/\/fugarural.com\/pt\/wp-json\/wp\/v2\/product"}],"about":[{"href":"https:\/\/fugarural.com\/pt\/wp-json\/wp\/v2\/types\/product"}],"version-history":[{"count":13,"href":"https:\/\/fugarural.com\/pt\/wp-json\/wp\/v2\/product\/3421\/revisions"}],"predecessor-version":[{"id":3832,"href":"https:\/\/fugarural.com\/pt\/wp-json\/wp\/v2\/product\/3421\/revisions\/3832"}],"wp:featuredmedia":[{"embeddable":true,"href":"https:\/\/fugarural.com\/pt\/wp-json\/wp\/v2\/media\/4685"}],"wp:attachment":[{"href":"https:\/\/fugarural.com\/pt\/wp-json\/wp\/v2\/media?parent=3421"}],"wp:term":[{"taxonomy":"product_brand","embeddable":true,"href":"https:\/\/fugarural.com\/pt\/wp-json\/wp\/v2\/product_brand?post=3421"},{"taxonomy":"product_cat","embeddable":true,"href":"https:\/\/fugarural.com\/pt\/wp-json\/wp\/v2\/product_cat?post=3421"},{"taxonomy":"product_tag","embeddable":true,"href":"https:\/\/fugarural.com\/pt\/wp-json\/wp\/v2\/product_tag?post=3421"}],"curies":[{"name":"wp","href":"https:\/\/api.w.org\/{rel}","templated":true}]}}