{"id":3443,"date":"2024-09-16T15:12:06","date_gmt":"2024-09-16T18:12:06","guid":{"rendered":"https:\/\/fugarural.com\/?post_type=product&#038;p=3443"},"modified":"2025-10-28T13:13:05","modified_gmt":"2025-10-28T16:13:05","slug":"regador-automatico-com-bomba-solar","status":"publish","type":"product","link":"https:\/\/fugarural.com\/pt\/product\/regador-automatico-com-bomba-solar\/","title":{"rendered":"RIEGO AUTOMATICO CON BOMBA SOLAR"},"content":{"rendered":"","protected":false},"excerpt":{"rendered":"<p><strong>\u00a1Tus plantas bien cuidadas, incluso cuando no est\u00e9s en casa!<\/strong> \u00bfHas pensado en tener un regador autom\u00e1tico solar? \ud83c\udf31 \ud83c\udf3f \u2618\ufe0f<\/p>\n<p>El sistema de riego autom\u00e1tico est\u00e1 dise\u00f1ado especialmente para plantas en peque\u00f1os huertos, orquidiarios, balcones, patios y jardines peque\u00f1os. Con \u00e9l, tus plantas nunca volver\u00e1n a pasar sed, incluso cuando est\u00e9s fuera, trabajando o de viaje. \ud83d\udeb6\u200d\u2640\ufe0f\ud83d\udeb6<\/p>\n<p>El regador funciona con un panel solar y tiene bater\u00eda, para que puedas usarlo incluso en lugares aislados, sin electricidad y sin sol directo. \u00a1As\u00ed es! Funcionar\u00e1 dentro de tu invernadero, debajo del enrejado o en el balc\u00f3n de tu edificio&#8230;<\/p>\n<p>&nbsp;<\/p>\n<p>\u00a1Mira este v\u00eddeo con el riego en uso! \ud83d\udc47<\/p>\n<p><iframe loading=\"lazy\" title=\"YouTube video player\" src=\"https:\/\/www.youtube.com\/embed\/sxVH_sLfreI\" width=\"315\" height=\"560\" frameborder=\"0\" allowfullscreen=\"allowfullscreen\"><span data-mce-type=\"bookmark\" style=\"display: inline-block; width: 0px; overflow: hidden; line-height: 0;\" class=\"mce_SELRES_start\"><\/span><\/iframe><\/p>\n<p>Busqu\u00e9 durante mucho tiempo una soluci\u00f3n que me permitiera viajar y dejar las plantas solas. Prob\u00e9 varios equipos de automatizaci\u00f3n, pero fue dif\u00edcil encontrar un kit completo que tuviera todo en una sola caja y no necesitara enchufarse para funcionar. \u00bfQuieres ver mi prueba del regador solar? Mira aqu\u00ed:<\/p>\n<p>&nbsp;<\/p>\n<p><strong>\u00a1La instalaci\u00f3n es s\u00faper f\u00e1cil! \ud83d\ude01<\/strong><\/p>\n<p>1\ufe0f\u20e3\u00a0 Saca todo de la caja<br \/>\n2\ufe0f\u20e3\u00a0 Instala el panel solar en la tierra o atorn\u00edllalo en la pared<br \/>\n3\ufe0f\u20e3\u00a0 Corta el tama\u00f1o que necesitas y conecta la manguera de entrada de agua con el filtro<br \/>\n4\ufe0f\u20e3\u00a0 Coloca el filtro y el sensor dentro de un recipiente o cubo con agua<br \/>\n5\ufe0f\u20e3\u00a0 Corta y conecta las mangueras con los goteros seg\u00fan el tama\u00f1o y la cantidad de macetas que necesites<br \/>\n6\ufe0f\u20e3\u00a0 Configura el modo de operaci\u00f3n haciendo clic en el bot\u00f3n ON y luego en el bot\u00f3n MODE<\/p>\n<p>&nbsp;<\/p>\n<p><strong>Cuenta con 6 modos de operaci\u00f3n<\/strong> que programan cada cu\u00e1ntas horas y por cu\u00e1nto tiempo se realizar\u00e1 el riego. El intervalo puede ser cada 12 horas o cada 24 horas, y el tiempo de riego puede ser de 5, 15 o 20 minutos. Puedes cambiar la programaci\u00f3n siempre que lo necesites, seg\u00fan la \u00e9poca del a\u00f1o. \u2600\ufe0f \u26c5\ufe0f\u00a0 \u2601\ufe0f \ud83d\udca7<\/p>\n<p>El regador emite pitidos para avisarte si hay alg\u00fan problema. \u00bfEl filtro est\u00e1 obstruido? \u00bfSe acab\u00f3 el agua en el recipiente? \u00a1No te preocupes! El regador emite un pitido hasta que lo arregles. \ud83c\udd98<\/p>\n<p>&nbsp;<\/p>\n<p><strong>Especificaciones t\u00e9cnicas: \ud83e\udd13<\/strong><\/p>\n<p>\u2705\u00a0 Panel solar con salida de 6V y 2W de potencia<br \/>\n\u2705\u00a0 Bomba el\u00e9ctrica con 1W de potencia<br \/>\n\u2705\u00a0 Bater\u00eda de 2,000 mAh<br \/>\n\u2705\u00a0 Flujo de agua m\u00e1ximo de 400 ml\/min por cada gotero<br \/>\n\u2705\u00a0 Modo temporizador de: 12h\/5min, 12h\/15min, 12h\/20min, 24h\/5min, 24h\/15min, 24h\/20min<\/p>\n<p>&nbsp;<\/p>\n<p><strong>El kit viene completo con todo lo que necesitas para cuidar hasta 10 macetas, y puedes comprar m\u00e1s de un kit para atender a\u00fan m\u00e1s plantitas! \ud83e\udd70<\/strong><\/p>\n<p>\u25b6\ufe0f\u00a0 1 Regador con bomba solar<br \/>\n\u25b6\ufe0f\u00a0 1 Estaca de suelo para el regador<br \/>\n\u25b6\ufe0f\u00a0 1 Filtro de agua<br \/>\n\u25b6\ufe0f\u00a0 2 tornillos con tacos para el regador<br \/>\n\u25b6\ufe0f\u00a0 1 Tubo de pl\u00e1stico de 10 metros (para cortar al tama\u00f1o que prefieras)<br \/>\n\u25b6\ufe0f\u00a0 10 Gotero pl\u00e1sticos (1 por maceta o planta)<br \/>\n\u25b6\ufe0f\u00a0 10 Conectores en \u00abT\u00bb para dividir el flujo de agua<\/p>\n<p>&nbsp;<\/p>\n<p><strong style=\"font-size: 15px;\">SOBRE EL PEDIDO:<\/strong><\/p>\n<ul style=\"font-size: 15px;\">\n<li><strong>\u00a1El env\u00edo es gratis a cualquier parte del pa\u00eds! \ud83d\ude9a<\/strong><\/li>\n<li>El plazo de entrega es de aproximadamente 5 a 15 d\u00edas, dependiendo de la regi\u00f3n. \u23f3<\/li>\n<li>Una vez que realices el pago, te enviaremos una confirmaci\u00f3n por correo electr\u00f3nico.<\/li>\n<\/ul>\n<p>&nbsp;<\/p>\n<p><strong style=\"font-size: 18px;\">\u00bfEst\u00e1s interesado? Haga clic en el bot\u00f3n a continuaci\u00f3n para agregar al carrito o comprar ahora<\/strong><\/p>","protected":false},"featured_media":3444,"template":"","meta":[],"product_brand":[],"product_cat":[205],"product_tag":[177,152],"class_list":{"0":"post-3443","1":"product","2":"type-product","3":"status-publish","4":"has-post-thumbnail","6":"product_cat-automatizacion","7":"product_tag-irrigacao","8":"product_tag-solar","9":"product_shipping_class-envio-gratuito","11":"first","12":"instock","13":"shipping-taxable","14":"purchasable","15":"product-type-simple"},"etheme_brands":{"errors":{"invalid_taxonomy":["Taxonomia inv\u00e1lida."]},"error_data":[]},"_links":{"self":[{"href":"https:\/\/fugarural.com\/pt\/wp-json\/wp\/v2\/product\/3443","targetHints":{"allow":["GET"]}}],"collection":[{"href":"https:\/\/fugarural.com\/pt\/wp-json\/wp\/v2\/product"}],"about":[{"href":"https:\/\/fugarural.com\/pt\/wp-json\/wp\/v2\/types\/product"}],"version-history":[{"count":11,"href":"https:\/\/fugarural.com\/pt\/wp-json\/wp\/v2\/product\/3443\/revisions"}],"predecessor-version":[{"id":4482,"href":"https:\/\/fugarural.com\/pt\/wp-json\/wp\/v2\/product\/3443\/revisions\/4482"}],"wp:featuredmedia":[{"embeddable":true,"href":"https:\/\/fugarural.com\/pt\/wp-json\/wp\/v2\/media\/3444"}],"wp:attachment":[{"href":"https:\/\/fugarural.com\/pt\/wp-json\/wp\/v2\/media?parent=3443"}],"wp:term":[{"taxonomy":"product_brand","embeddable":true,"href":"https:\/\/fugarural.com\/pt\/wp-json\/wp\/v2\/product_brand?post=3443"},{"taxonomy":"product_cat","embeddable":true,"href":"https:\/\/fugarural.com\/pt\/wp-json\/wp\/v2\/product_cat?post=3443"},{"taxonomy":"product_tag","embeddable":true,"href":"https:\/\/fugarural.com\/pt\/wp-json\/wp\/v2\/product_tag?post=3443"}],"curies":[{"name":"wp","href":"https:\/\/api.w.org\/{rel}","templated":true}]}}