{"id":3464,"date":"2024-09-16T15:12:29","date_gmt":"2024-09-16T18:12:29","guid":{"rendered":"https:\/\/fugarural.com\/?post_type=product&#038;p=3464"},"modified":"2025-10-28T13:12:42","modified_gmt":"2025-10-28T16:12:42","slug":"camera-inteligente-com-wifi","status":"publish","type":"product","link":"https:\/\/fugarural.com\/pt\/product\/camera-inteligente-com-wifi\/","title":{"rendered":"C\u00c1MARA INTELIGENTE CON WIFI"},"content":{"rendered":"","protected":false},"excerpt":{"rendered":"<p><strong>\u00a1Deja de asomarte por la ventana cada vez que tu perro ladra!<\/strong> Con la c\u00e1mara inteligente, podr\u00e1s monitorear tu propiedad desde tu celular, \u00a1desde cualquier parte del mundo! \ud83c\udf3e\ud83d\udc40<\/p>\n<p>Duerme tranquilo, sabiendo que tienes un vigilante grabando tu tierra las 24 horas. Es el ojo virtual del due\u00f1o que cuida tu rancho, para que puedas hacer cosas m\u00e1s importantes. \ud83e\udd20<\/p>\n<p>&nbsp;<\/p>\n<p>\u00a1Mira este v\u00eddeo sobre la c\u00e1mara inteligente! \ud83d\udc47<\/p>\n<p><iframe loading=\"lazy\" title=\"YouTube video player\" src=\"https:\/\/www.youtube.com\/embed\/6Hgf-M0WHig\" width=\"315\" height=\"560\" frameborder=\"0\" allowfullscreen=\"allowfullscreen\"><span data-mce-type=\"bookmark\" style=\"display: inline-block; width: 0px; overflow: hidden; line-height: 0;\" class=\"mce_SELRES_start\"><\/span><span data-mce-type=\"bookmark\" style=\"display: inline-block; width: 0px; overflow: hidden; line-height: 0;\" class=\"mce_SELRES_start\"><\/span><\/iframe><\/p>\n<p>&nbsp;<\/p>\n<p>&nbsp;<\/p>\n<p>La c\u00e1mara funciona tanto con se\u00f1al wifi en l\u00ednea como con tarjeta de memoria. Si el \u00e1rea monitoreada a\u00fan no tiene wifi, \u00a1las alertas, im\u00e1genes y videos quedan registrados en la tarjeta!<\/p>\n<p>Cuando est\u00e1 conectada, esta c\u00e1mara env\u00eda alertas de movimiento y detecci\u00f3n de personas a tu celular. \ud83c\udfc3 \u00a1Sabr\u00e1s de inmediato lo que est\u00e1 ocurriendo, est\u00e9s donde est\u00e9s! Tiene inteligencia artificial para detectar personas entre otros tipos de movimientos.<\/p>\n<p>Adem\u00e1s, tiene la funci\u00f3n Tracker, lo que significa que se mueve autom\u00e1ticamente siguiendo a la persona en su campo de visi\u00f3n. \ud83d\udd0d<\/p>\n<p>Es compatible con las aplicaciones Tuya y Smartlife, para que puedas integrar las alertas en tu Smart Rancho. \u00bfQuieres activar la sirena a distancia? \u00bfQuieres que el monitoreo se encienda autom\u00e1ticamente cada vez que salgas de la propiedad? \u00bfQuieres encender la luz del porche cuando la c\u00e1mara detecta movimiento? Usando esta c\u00e1mara y las aplicaciones de automatizaci\u00f3n en tu celular, \u00a1todo esto y mucho m\u00e1s es posible! Despu\u00e9s de tener una c\u00e1mara con automatizaci\u00f3n inteligente, \u00a1no querr\u00e1s otra! \ud83d\ude2e<\/p>\n<p>&nbsp;<\/p>\n<p><strong>Juro que prob\u00e9 m\u00e1s de 10 modelos y marcas de c\u00e1maras en mi rancho.<\/strong> Lo que m\u00e1s echaba en falta era una c\u00e1mara con funciones avanzadas y compatible con una aplicaci\u00f3n universal, porque me cans\u00e9 de instalar una app nueva para cada c\u00e1mara diferente que compr\u00e9.<\/p>\n<p>La c\u00e1mara inteligente incluye dos antenas de alto rendimiento para captar la se\u00f1al wifi, incluso en puntos m\u00e1s alejados de la casa principal, adem\u00e1s de operar en las frecuencias de 2.4 y 5 GHz.<\/p>\n<p>&nbsp;<\/p>\n<p><strong>Algunas ventajas exclusivas de esta c\u00e1mara:<\/strong><\/p>\n<p>1\ufe0f\u20e3\u00a0 Movimiento de 360 grados controlado desde tu celular. \ud83d\udd1d<br \/>\n2\ufe0f\u20e3\u00a0 Alta resoluci\u00f3n de 4 megap\u00edxeles y im\u00e1genes en HDR. \ud83d\udc40<br \/>\n3\ufe0f\u20e3 C\u00e1mara exterior con protecci\u00f3n contra la lluvia. \ud83d\udca7<br \/>\n4\ufe0f\u20e3 Cuenta con 4 LEDs infrarrojos para visi\u00f3n nocturna y 4 LEDs blancos de alta potencia para iluminar el \u00e1rea al detectar movimiento.<\/p>\n<p>Incluye un soporte de montaje que permite ajustar el \u00e1ngulo de visi\u00f3n y fijar la c\u00e1mara en cualquier estructura o superficie.<\/p>\n<p>Duerme tranquilo sabiendo que tienes ojos cuidando tu rancho las 24 horas. \ud83d\udc4d\ud83d\udc4d\ud83d\udc4d<\/p>\n<p>&nbsp;<\/p>\n<p><strong>\u00bfQuieres ver la calidad de las im\u00e1genes que captura esta c\u00e1mara inteligente?<\/strong> Esta es una imagen de d\u00eda (dej\u00e9 una letra y un n\u00famero de la matr\u00edcula de la camioneta para que verifiques la resoluci\u00f3n):<br \/>\n<img loading=\"lazy\" decoding=\"async\" class=\"alignnone wp-image-4080 size-full\" src=\"https:\/\/fugarural.com\/wp-content\/uploads\/2024\/09\/Camera_Inteligente_Print_Dia.webp\" alt=\"\" width=\"1930\" height=\"1080\" srcset=\"https:\/\/fugarural.com\/wp-content\/uploads\/2024\/09\/Camera_Inteligente_Print_Dia.webp 1930w, https:\/\/fugarural.com\/wp-content\/uploads\/2024\/09\/Camera_Inteligente_Print_Dia-300x168.webp 300w, https:\/\/fugarural.com\/wp-content\/uploads\/2024\/09\/Camera_Inteligente_Print_Dia-600x336.webp 600w, https:\/\/fugarural.com\/wp-content\/uploads\/2024\/09\/Camera_Inteligente_Print_Dia-1024x573.webp 1024w, https:\/\/fugarural.com\/wp-content\/uploads\/2024\/09\/Camera_Inteligente_Print_Dia-768x430.webp 768w, https:\/\/fugarural.com\/wp-content\/uploads\/2024\/09\/Camera_Inteligente_Print_Dia-1536x860.webp 1536w, https:\/\/fugarural.com\/wp-content\/uploads\/2024\/09\/Camera_Inteligente_Print_Dia-1x1.webp 1w, https:\/\/fugarural.com\/wp-content\/uploads\/2024\/09\/Camera_Inteligente_Print_Dia-10x6.webp 10w\" sizes=\"auto, (max-width: 1930px) 100vw, 1930px\" \/><\/p>\n<p>&nbsp;<\/p>\n<p><strong>Esta es una imagen nocturna con los LEDs autom\u00e1ticos encendidos<\/strong> (es una luz blanca, como un reflector):<br \/>\n<img loading=\"lazy\" decoding=\"async\" class=\"alignnone wp-image-4079 size-full\" src=\"https:\/\/fugarural.com\/wp-content\/uploads\/2024\/09\/Camera_Inteligente_Print_Noite_LED.webp\" alt=\"\" width=\"1970\" height=\"1080\" srcset=\"https:\/\/fugarural.com\/wp-content\/uploads\/2024\/09\/Camera_Inteligente_Print_Noite_LED.webp 1970w, https:\/\/fugarural.com\/wp-content\/uploads\/2024\/09\/Camera_Inteligente_Print_Noite_LED-300x164.webp 300w, https:\/\/fugarural.com\/wp-content\/uploads\/2024\/09\/Camera_Inteligente_Print_Noite_LED-600x329.webp 600w, https:\/\/fugarural.com\/wp-content\/uploads\/2024\/09\/Camera_Inteligente_Print_Noite_LED-1024x561.webp 1024w, https:\/\/fugarural.com\/wp-content\/uploads\/2024\/09\/Camera_Inteligente_Print_Noite_LED-768x421.webp 768w, https:\/\/fugarural.com\/wp-content\/uploads\/2024\/09\/Camera_Inteligente_Print_Noite_LED-1536x842.webp 1536w, https:\/\/fugarural.com\/wp-content\/uploads\/2024\/09\/Camera_Inteligente_Print_Noite_LED-1x1.webp 1w, https:\/\/fugarural.com\/wp-content\/uploads\/2024\/09\/Camera_Inteligente_Print_Noite_LED-10x5.webp 10w\" sizes=\"auto, (max-width: 1970px) 100vw, 1970px\" \/><\/p>\n<p>&nbsp;<\/p>\n<p><strong style=\"font-size: 15px;\">SOBRE EL PEDIDO:<\/strong><\/p>\n<ul style=\"font-size: 15px;\">\n<li><strong>\u00a1El env\u00edo es gratis a cualquier parte del pa\u00eds! \ud83d\ude9a<\/strong><\/li>\n<li>El plazo de entrega es de aproximadamente 5 a 15 d\u00edas, dependiendo de la regi\u00f3n. \u23f3<\/li>\n<li>Una vez que realices el pago, te enviaremos una confirmaci\u00f3n por correo electr\u00f3nico.<\/li>\n<li>El producto no incluye tarjeta de memoria.<\/li>\n<\/ul>\n<p>&nbsp;<\/p>\n<p><strong style=\"font-size: 18px;\">\u00bfEst\u00e1s interesado? Haga clic en el bot\u00f3n a continuaci\u00f3n para agregar al carrito o comprar ahora<\/strong><\/p>","protected":false},"featured_media":3465,"template":"","meta":[],"product_brand":[],"product_cat":[207],"product_tag":[169,150],"class_list":{"0":"post-3464","1":"product","2":"type-product","3":"status-publish","4":"has-post-thumbnail","6":"product_cat-camaras","7":"product_tag-camera","8":"product_tag-seguranca","9":"product_shipping_class-envio-gratuito","11":"first","12":"instock","13":"shipping-taxable","14":"purchasable","15":"product-type-simple"},"etheme_brands":{"errors":{"invalid_taxonomy":["Taxonomia inv\u00e1lida."]},"error_data":[]},"_links":{"self":[{"href":"https:\/\/fugarural.com\/pt\/wp-json\/wp\/v2\/product\/3464","targetHints":{"allow":["GET"]}}],"collection":[{"href":"https:\/\/fugarural.com\/pt\/wp-json\/wp\/v2\/product"}],"about":[{"href":"https:\/\/fugarural.com\/pt\/wp-json\/wp\/v2\/types\/product"}],"version-history":[{"count":13,"href":"https:\/\/fugarural.com\/pt\/wp-json\/wp\/v2\/product\/3464\/revisions"}],"predecessor-version":[{"id":4480,"href":"https:\/\/fugarural.com\/pt\/wp-json\/wp\/v2\/product\/3464\/revisions\/4480"}],"wp:featuredmedia":[{"embeddable":true,"href":"https:\/\/fugarural.com\/pt\/wp-json\/wp\/v2\/media\/3465"}],"wp:attachment":[{"href":"https:\/\/fugarural.com\/pt\/wp-json\/wp\/v2\/media?parent=3464"}],"wp:term":[{"taxonomy":"product_brand","embeddable":true,"href":"https:\/\/fugarural.com\/pt\/wp-json\/wp\/v2\/product_brand?post=3464"},{"taxonomy":"product_cat","embeddable":true,"href":"https:\/\/fugarural.com\/pt\/wp-json\/wp\/v2\/product_cat?post=3464"},{"taxonomy":"product_tag","embeddable":true,"href":"https:\/\/fugarural.com\/pt\/wp-json\/wp\/v2\/product_tag?post=3464"}],"curies":[{"name":"wp","href":"https:\/\/api.w.org\/{rel}","templated":true}]}}