{"id":3468,"date":"2024-09-16T15:12:33","date_gmt":"2024-09-16T18:12:33","guid":{"rendered":"https:\/\/fugarural.com\/?post_type=product&#038;p=3468"},"modified":"2025-10-28T13:11:28","modified_gmt":"2025-10-28T16:11:28","slug":"fuente-de-energia-nobreak-con-bateria-adaptadores","status":"publish","type":"product","link":"https:\/\/fugarural.com\/pt\/product\/fuente-de-energia-nobreak-con-bateria-adaptadores\/","title":{"rendered":"FUENTE DE ENERG\u00cdA NOBREAK CON BATER\u00cdA + ADAPTADORES"},"content":{"rendered":"","protected":false},"excerpt":{"rendered":"<p><strong>\u00bfCansado de quedarte sin internet, tel\u00e9fono o monitoreo cuando se va la luz? \u00a1Deja de sufrir! Con la fuente de energ\u00eda con bater\u00eda nobreak, estar\u00e1s conectado incluso si la luz tarda horas en volver \u26a1\ufe0f\ud83d\udca1<\/strong><\/p>\n<p>La fuente de energ\u00eda con nobreak es una soluci\u00f3n pr\u00e1ctica y efectiva para mantener tus electr\u00f3nicos funcionando, \u00a1incluso cuando se va la luz de la calle! \ud83d\udc4d<\/p>\n<p>Funciona de la siguiente manera: dentro de la fuente hay una bater\u00eda de litio de larga duraci\u00f3n que se activa autom\u00e1ticamente cada vez que la electricidad de la toma se corta. El equipo conectado a la fuente sigue funcionando, \u00a1ni siquiera notar\u00e1s que la luz se fue!<\/p>\n<p>&nbsp;<\/p>\n<p>\u00a1Mira este v\u00eddeo con la fuente en uso! \ud83d\udc47<\/p>\n<p><iframe loading=\"lazy\" title=\"YouTube video player\" src=\"https:\/\/www.youtube.com\/embed\/XE6TEBuOzwM\" width=\"315\" height=\"560\" frameborder=\"0\" allowfullscreen=\"allowfullscreen\"><\/iframe><\/p>\n<p>&nbsp;<\/p>\n<p>La bater\u00eda dura tranquilamente entre 4 y 8 horas, dependiendo de la potencia del equipo que conectes a la fuente. \ud83d\udd0b<\/p>\n<p>La fuente tiene un enchufe est\u00e1ndar compatible con la mayor\u00eda de routers wifi, routers con chip, m\u00f3dems, TV box y c\u00e1maras de seguridad. Pero, si tu equipo no es compatible, \u00a1no te preocupes! Al comprar con nosotros, te enviamos GRATIS un kit con 8 adaptadores para que lo conectes a lo que necesites. \ud83e\udd1d<\/p>\n<p>Esta fuente nobreak, a diferencia de otras en el mercado, funciona con una salida regulable. Puedes elegir el voltaje de funcionamiento entre 5V, 9V y 12V. De esta manera, puedes conectar muchos m\u00e1s tipos de equipos.<\/p>\n<p>&nbsp;<\/p>\n<p><strong style=\"font-size: 15px;\">SOBRE EL PEDIDO:<\/strong><\/p>\n<ul style=\"font-size: 15px;\">\n<li><strong>\u00a1El env\u00edo es gratis a cualquier parte del pa\u00eds! \ud83d\ude9a<\/strong><\/li>\n<li>El plazo de entrega es de aproximadamente 5 a 15 d\u00edas, dependiendo de la regi\u00f3n. \u23f3<\/li>\n<li>Una vez que realices el pago, te enviaremos una confirmaci\u00f3n por correo electr\u00f3nico.<\/li>\n<\/ul>\n<p>&nbsp;<\/p>\n<p><strong style=\"font-size: 18px;\">\u00bfEst\u00e1s interesado? Haga clic en el bot\u00f3n a continuaci\u00f3n para agregar al carrito o comprar ahora<\/strong><\/p>","protected":false},"featured_media":3469,"template":"","meta":[],"product_brand":[],"product_cat":[146],"product_tag":[184,185,186,187],"class_list":{"0":"post-3468","1":"product","2":"type-product","3":"status-publish","4":"has-post-thumbnail","6":"product_cat-tecnologia-rural","7":"product_tag-bateria","8":"product_tag-energia","9":"product_tag-nobreak","10":"product_tag-ups","11":"product_shipping_class-envio-gratuito","13":"first","14":"instock","15":"shipping-taxable","16":"purchasable","17":"product-type-simple"},"etheme_brands":{"errors":{"invalid_taxonomy":["Taxonomia inv\u00e1lida."]},"error_data":[]},"_links":{"self":[{"href":"https:\/\/fugarural.com\/pt\/wp-json\/wp\/v2\/product\/3468","targetHints":{"allow":["GET"]}}],"collection":[{"href":"https:\/\/fugarural.com\/pt\/wp-json\/wp\/v2\/product"}],"about":[{"href":"https:\/\/fugarural.com\/pt\/wp-json\/wp\/v2\/types\/product"}],"version-history":[{"count":8,"href":"https:\/\/fugarural.com\/pt\/wp-json\/wp\/v2\/product\/3468\/revisions"}],"predecessor-version":[{"id":4479,"href":"https:\/\/fugarural.com\/pt\/wp-json\/wp\/v2\/product\/3468\/revisions\/4479"}],"wp:featuredmedia":[{"embeddable":true,"href":"https:\/\/fugarural.com\/pt\/wp-json\/wp\/v2\/media\/3469"}],"wp:attachment":[{"href":"https:\/\/fugarural.com\/pt\/wp-json\/wp\/v2\/media?parent=3468"}],"wp:term":[{"taxonomy":"product_brand","embeddable":true,"href":"https:\/\/fugarural.com\/pt\/wp-json\/wp\/v2\/product_brand?post=3468"},{"taxonomy":"product_cat","embeddable":true,"href":"https:\/\/fugarural.com\/pt\/wp-json\/wp\/v2\/product_cat?post=3468"},{"taxonomy":"product_tag","embeddable":true,"href":"https:\/\/fugarural.com\/pt\/wp-json\/wp\/v2\/product_tag?post=3468"}],"curies":[{"name":"wp","href":"https:\/\/api.w.org\/{rel}","templated":true}]}}