{"id":3477,"date":"2024-09-16T15:12:45","date_gmt":"2024-09-16T18:12:45","guid":{"rendered":"https:\/\/fugarural.com\/?post_type=product&#038;p=3477"},"modified":"2025-10-28T13:10:20","modified_gmt":"2025-10-28T16:10:20","slug":"monitor-e-automatizador-wifi-de-caixa-dagua","status":"publish","type":"product","link":"https:\/\/fugarural.com\/pt\/product\/monitor-e-automatizador-wifi-de-caixa-dagua\/","title":{"rendered":"MONITOR Y AUTOMATIZADOR WIFI DE CAJA DE AGUA"},"content":{"rendered":"","protected":false},"excerpt":{"rendered":"<p><strong>\u00bfCansado de estar pensando todo el d\u00eda si hay agua en el tanque? \u00bfDe tener que encender y apagar la bomba constantemente? \u00a1Tus problemas se han acabado! \ud83d\udca6 \ud83e\uddca<\/strong><\/p>\n<p>El Monitor y Automatizador Wifi para tanque de agua es un sensor electr\u00f3nico que se conecta a la red de tu propiedad y te informa en tu celular sobre el nivel del agua en el tanque. Adem\u00e1s, enciende y apaga la bomba autom\u00e1ticamente, \u00a1para que no tengas que preocuparte m\u00e1s! T\u00fa programas las alarmas y los niveles, y el sistema hace el resto por ti. \u2699\ufe0f<\/p>\n<p>&nbsp;<\/p>\n<p><strong>\u00bfC\u00f3mo funciona?<\/strong> El Monitor tiene terminales con cables de diferentes longitudes que colocas dentro del tanque de agua. Cuando el nivel de agua pasa por los terminales, el Monitor actualiza el volumen del tanque en intervalos de 0%, 25%, 50%, 75% y 100%. Cuando detecta que el nivel est\u00e1 bajo, un rel\u00e9 se activa autom\u00e1ticamente, encendiendo la bomba hasta llenar el tanque.<\/p>\n<p>&nbsp;<\/p>\n<p>Usando tu celular y la aplicaci\u00f3n Smart Life, puedes programar los niveles en los que deseas que la bomba se encienda y apague, adem\u00e1s de hacer otras automatizaciones con otros dispositivos inteligentes. \u00bfQuieres que la luz de la cocina se ponga roja cuando el nivel caiga por debajo del 25%? \u00a1Se puede hacer! O mejor a\u00fan, \u00bfquieres que tu celular env\u00ede autom\u00e1ticamente un mensaje al cuidador cuando el tanque est\u00e9 vac\u00edo? \u00a1Tambi\u00e9n se puede hacer! \ud83d\ude2e<\/p>\n<p>Yo sufr\u00ed mucho con el nivel del tanque de agua en mi rancho. Me cans\u00e9 de subir por la escalera, abrir la tapa y revisar cu\u00e1nta agua quedaba. \u00a1Ahora mi celular lo hace por m\u00ed! \u00bfQuieres ver el Monitor y Automatizador en acci\u00f3n? Mira este video:<\/p>\n<p>&nbsp;<\/p>\n<p><strong>El Monitor y Automatizador funciona con se\u00f1al wifi de 2.4 GHz y voltaje de 110V o 220V.<\/strong><br \/>\n\u00a1Un detalle importante! A 110V solo funciona el Monitor del nivel del agua. Para encender y apagar la bomba, es necesario conectarlo a 220V. Aun as\u00ed, el voltaje de tu bomba no afecta al Monitor, ya que son circuitos separados. Puedes controlar bombas de corriente continua a 12V, como las solares, o bombas comunes de corriente alterna de 110V-220V, como las bombas perif\u00e9ricas, sapo o de pozo.<\/p>\n<p>&nbsp;<\/p>\n<p><strong>\u00a1S\u00ed, la instalaci\u00f3n es s\u00faper f\u00e1cil! \ud83d\ude01<\/strong><\/p>\n<p>1\ufe0f\u20e3\u00a0 Saca todo de la caja<br \/>\n2\ufe0f\u20e3\u00a0 Atornilla los cables de los terminales de medici\u00f3n en la parte superior (del m\u00e1s corto al m\u00e1s largo)<br \/>\n3\ufe0f\u20e3\u00a0 Coloca los cables en el tanque de acuerdo con las profundidades (puedes cortar o empalmar los cables si es necesario)<br \/>\n4\ufe0f\u20e3\u00a0 Conecta los cables de la electricidad y la bomba en la parte inferior del Monitor<br \/>\n5\ufe0f\u20e3\u00a0 Abre la aplicaci\u00f3n Smart Life en tu celular y a\u00f1ade un nuevo dispositivo<br \/>\n6\ufe0f\u20e3\u00a0 Configura los niveles de alarmas y el encendido\/apagado de la bomba<\/p>\n<p>&nbsp;<\/p>\n<p>Despu\u00e9s de configurar las alarmas, tu celular recibir\u00e1 una notificaci\u00f3n de alerta con los niveles del tanque, sin importar d\u00f3nde est\u00e9s. \ud83c\udd98<\/p>\n<p>&nbsp;<\/p>\n<p><strong>El kit del Monitor incluye:<\/strong><\/p>\n<p>\u25b6\ufe0f\u00a0 1 Monitor y Automatizador Wifi para tanque de agua<br \/>\n\u25b6\ufe0f\u00a0 5 cables de 0.5 a 2.5 metros de longitud con terminales para medir el nivel de agua<\/p>\n<p>&nbsp;<\/p>\n<p><strong style=\"font-size: 15px;\">SOBRE EL PEDIDO:<\/strong><\/p>\n<ul style=\"font-size: 15px;\">\n<li><strong>\u00a1El env\u00edo es gratis a cualquier parte del pa\u00eds! \ud83d\ude9a<\/strong><\/li>\n<li>El plazo de entrega es de aproximadamente 5 a 15 d\u00edas, dependiendo de la regi\u00f3n. \u23f3<\/li>\n<li>Una vez que realices el pago, te enviaremos una confirmaci\u00f3n por correo electr\u00f3nico.<\/li>\n<\/ul>\n<p>&nbsp;<\/p>\n<p><strong style=\"font-size: 18px;\">\u00bfEst\u00e1s interesado? Haga clic en el bot\u00f3n a continuaci\u00f3n para agregar al carrito o comprar ahora<\/strong><\/p>","protected":false},"featured_media":3478,"template":"","meta":[],"product_brand":[],"product_cat":[205],"product_tag":[190,191,192],"class_list":{"0":"post-3477","1":"product","2":"type-product","3":"status-publish","4":"has-post-thumbnail","6":"product_cat-automatizacion","7":"product_tag-agua","8":"product_tag-bomba","9":"product_tag-sensor","10":"product_shipping_class-envio-gratuito","12":"first","13":"instock","14":"shipping-taxable","15":"purchasable","16":"product-type-simple"},"etheme_brands":{"errors":{"invalid_taxonomy":["Taxonomia inv\u00e1lida."]},"error_data":[]},"_links":{"self":[{"href":"https:\/\/fugarural.com\/pt\/wp-json\/wp\/v2\/product\/3477","targetHints":{"allow":["GET"]}}],"collection":[{"href":"https:\/\/fugarural.com\/pt\/wp-json\/wp\/v2\/product"}],"about":[{"href":"https:\/\/fugarural.com\/pt\/wp-json\/wp\/v2\/types\/product"}],"version-history":[{"count":9,"href":"https:\/\/fugarural.com\/pt\/wp-json\/wp\/v2\/product\/3477\/revisions"}],"predecessor-version":[{"id":4478,"href":"https:\/\/fugarural.com\/pt\/wp-json\/wp\/v2\/product\/3477\/revisions\/4478"}],"wp:featuredmedia":[{"embeddable":true,"href":"https:\/\/fugarural.com\/pt\/wp-json\/wp\/v2\/media\/3478"}],"wp:attachment":[{"href":"https:\/\/fugarural.com\/pt\/wp-json\/wp\/v2\/media?parent=3477"}],"wp:term":[{"taxonomy":"product_brand","embeddable":true,"href":"https:\/\/fugarural.com\/pt\/wp-json\/wp\/v2\/product_brand?post=3477"},{"taxonomy":"product_cat","embeddable":true,"href":"https:\/\/fugarural.com\/pt\/wp-json\/wp\/v2\/product_cat?post=3477"},{"taxonomy":"product_tag","embeddable":true,"href":"https:\/\/fugarural.com\/pt\/wp-json\/wp\/v2\/product_tag?post=3477"}],"curies":[{"name":"wp","href":"https:\/\/api.w.org\/{rel}","templated":true}]}}