{"id":3480,"date":"2024-09-16T15:12:47","date_gmt":"2024-09-16T18:12:47","guid":{"rendered":"https:\/\/fugarural.com\/?post_type=product&#038;p=3480"},"modified":"2025-10-28T13:10:07","modified_gmt":"2025-10-28T16:10:07","slug":"distribuidor-de-sinal-de-longo-alcance","status":"publish","type":"product","link":"https:\/\/fugarural.com\/pt\/product\/distribuidor-de-sinal-de-longo-alcance\/","title":{"rendered":"DISTRIBUIDOR DE SE\u00d1AL DE LARGO ALCANCE"},"content":{"rendered":"","protected":false},"excerpt":{"rendered":"<p><strong>\u00bfNecesitas se\u00f1al en ese punto distante de tu propiedad donde no llega el wifi? \u00bfNecesitas enviar se\u00f1al a ese almac\u00e9n en el barranco o a la c\u00e1mara en la puerta? \u00a1Echa un vistazo a este Distribuidor de Se\u00f1al de largo alcance! \ud83c\udf3e\ud83c\udf0e\ud83c\udfda\ufe0f<\/strong><\/p>\n<p>El Amplificador y Distribuidor de Se\u00f1al trabaja en baja frecuencia, enviando se\u00f1al mucho m\u00e1s lejos que otros equipos comunes de wifi.<\/p>\n<p>Con un alcance de hasta 1,000 metros en \u00e1reas con obst\u00e1culos y vegetaci\u00f3n m\u00e1s densa y hasta 3,000 metros en \u00e1reas abiertas y planas, el Distribuidor crea un puente entre el transmisor que est\u00e1 en el punto central y los receptores que est\u00e1n en los puntos m\u00e1s alejados. \ud83e\udd20<\/p>\n<p>Al trabajar en baja frecuencia, el Distribuidor de Se\u00f1al puede atravesar colinas y vegetaci\u00f3n, a diferencia de otras soluciones wifi que operan en las frecuencias de 2.4 GHz o 5.8 GHz. Adem\u00e1s, es mucho m\u00e1s pr\u00e1ctico que andar pasando cables o fibra por todas partes. \ud83d\udef0<\/p>\n<p>&nbsp;<\/p>\n<p><strong>\u00bfC\u00f3mo funciona?<\/strong> No hay nada que configurar, \u00a1m\u00e1s f\u00e1cil imposible! El Distribuidor de Se\u00f1al se configura solo, solo necesitas conectar los cables de red de entrada (en el Transmisor) y salida (en el Receptor).<\/p>\n<p>\u00a1Atenci\u00f3n! El Distribuidor de Se\u00f1al no crear\u00e1 una red wifi, solo funciona con entrada y salida de cable de red com\u00fan. Si necesitas wifi, tendr\u00e1s que conectar un router wifi a la salida del cable de red del Receptor. \ud83d\udc40<\/p>\n<p>&nbsp;<\/p>\n<p>Despu\u00e9s de empezar a promocionar el Router Wifi de Largo Alcance, muchas personas me pidieron una soluci\u00f3n para puntos m\u00e1s aislados o dif\u00edciles. Prob\u00e9 varias soluciones que no funcionaron hasta encontrar el Distribuidor de Se\u00f1al. \u00bfQuieres verlo en acci\u00f3n? \u00a1Mira este video!<\/p>\n<p>&nbsp;<\/p>\n<p><strong>Principales caracter\u00edsticas del Distribuidor de Se\u00f1al:<\/strong><\/p>\n<p>1\ufe0f\u20e3\u00a0 \u00a1S\u00faper f\u00e1cil de configurar! Solo conecta los cables de red, el resto es autom\u00e1tico. \ud83d\udc4d<br \/>\n2\ufe0f\u20e3\u00a0 Transmisi\u00f3n en baja frecuencia, capaz de atravesar colinas y vegetaci\u00f3n.<br \/>\n3\ufe0f\u20e3\u00a0 Ideal para compartir se\u00f1al en \u00e1reas aisladas y de dif\u00edcil acceso. \ud83e\udded<br \/>\n4\ufe0f\u20e3\u00a0 \u00a1Conexi\u00f3n en red! Un Transmisor puede atender hasta 4 Receptores, funcionando en red.<br \/>\n5\ufe0f\u20e3\u00a0 Bajo consumo de electricidad a 5V. \ud83d\udd0c<br \/>\n6\ufe0f\u20e3\u00a0 Antenas con conector est\u00e1ndar SMA para que las cambies por otros modelos direccionales si lo deseas, y aumentes a\u00fan m\u00e1s la potencia del Distribuidor de Se\u00f1al. \ud83d\udce1<\/p>\n<p>&nbsp;<\/p>\n<p><strong>\u00bfQu\u00e9 recibir\u00e1s en la caja del Distribuidor de Se\u00f1al?<\/strong><\/p>\n<p>\u2705 01 Transmisor de Se\u00f1al<br \/>\n\u2705 01 Receptor de Se\u00f1al<br \/>\n\u2705 02 antenas de 7 dbi<br \/>\n\u2705 02 fuentes de 5V<br \/>\n\u2705 02 cables de red de 1 metro de longitud<\/p>\n<p>&nbsp;<\/p>\n<p><strong style=\"font-size: 15px;\">SOBRE EL PEDIDO:<\/strong><\/p>\n<ul style=\"font-size: 15px;\">\n<li><strong>\u00a1El env\u00edo es gratis a cualquier parte del pa\u00eds! \ud83d\ude9a<\/strong><\/li>\n<li>El plazo de entrega es de aproximadamente 5 a 15 d\u00edas, dependiendo de la regi\u00f3n. \u23f3<\/li>\n<li>Una vez que realices el pago, te enviaremos una confirmaci\u00f3n por correo electr\u00f3nico.<\/li>\n<\/ul>\n<p>&nbsp;<\/p>\n<p><strong style=\"font-size: 18px;\">\u00bfEst\u00e1s interesado? Haga clic en el bot\u00f3n a continuaci\u00f3n para agregar al carrito o comprar ahora<\/strong><\/p>","protected":false},"featured_media":3481,"template":"","meta":[],"product_brand":[],"product_cat":[183],"product_tag":[193,167],"class_list":{"0":"post-3480","1":"product","2":"type-product","3":"status-publish","4":"has-post-thumbnail","6":"product_cat-wifi-longo-alcance","7":"product_tag-distribuidor","8":"product_tag-internet","10":"first","11":"instock","12":"shipping-taxable","13":"purchasable","14":"product-type-simple"},"etheme_brands":{"errors":{"invalid_taxonomy":["Taxonomia inv\u00e1lida."]},"error_data":[]},"_links":{"self":[{"href":"https:\/\/fugarural.com\/pt\/wp-json\/wp\/v2\/product\/3480","targetHints":{"allow":["GET"]}}],"collection":[{"href":"https:\/\/fugarural.com\/pt\/wp-json\/wp\/v2\/product"}],"about":[{"href":"https:\/\/fugarural.com\/pt\/wp-json\/wp\/v2\/types\/product"}],"version-history":[{"count":8,"href":"https:\/\/fugarural.com\/pt\/wp-json\/wp\/v2\/product\/3480\/revisions"}],"predecessor-version":[{"id":4477,"href":"https:\/\/fugarural.com\/pt\/wp-json\/wp\/v2\/product\/3480\/revisions\/4477"}],"wp:featuredmedia":[{"embeddable":true,"href":"https:\/\/fugarural.com\/pt\/wp-json\/wp\/v2\/media\/3481"}],"wp:attachment":[{"href":"https:\/\/fugarural.com\/pt\/wp-json\/wp\/v2\/media?parent=3480"}],"wp:term":[{"taxonomy":"product_brand","embeddable":true,"href":"https:\/\/fugarural.com\/pt\/wp-json\/wp\/v2\/product_brand?post=3480"},{"taxonomy":"product_cat","embeddable":true,"href":"https:\/\/fugarural.com\/pt\/wp-json\/wp\/v2\/product_cat?post=3480"},{"taxonomy":"product_tag","embeddable":true,"href":"https:\/\/fugarural.com\/pt\/wp-json\/wp\/v2\/product_tag?post=3480"}],"curies":[{"name":"wp","href":"https:\/\/api.w.org\/{rel}","templated":true}]}}