{"id":3497,"date":"2024-09-16T15:13:01","date_gmt":"2024-09-16T18:13:01","guid":{"rendered":"https:\/\/fugarural.com\/?post_type=product&#038;p=3497"},"modified":"2025-10-28T13:09:52","modified_gmt":"2025-10-28T16:09:52","slug":"roteador-4g-com-chip-e-wifi-de-longo-alcance","status":"publish","type":"product","link":"https:\/\/fugarural.com\/pt\/product\/roteador-4g-com-chip-e-wifi-de-longo-alcance\/","title":{"rendered":"ROUTER 4G CON CHIP Y WIFI DE LARGO ALCANCE"},"content":{"rendered":"","protected":false},"excerpt":{"rendered":"<p><strong>\u00bfNecesitas internet en tu propiedad rural? Este router de 4 antenas con chip capta la se\u00f1al 4G de las operadoras y la convierte en se\u00f1al wifi para que conectes todos tus celulares y equipos. \ud83d\udce1<\/strong><\/p>\n<p>\u00bfC\u00f3mo funciona? El Router con Chip de Largo Alcance funciona con un chip com\u00fan de celular, capta la se\u00f1al 3G o 4G de las operadoras y la convierte en se\u00f1al wifi para que navegues por internet. \u00a1Solo col\u00f3calo afuera de la casa donde ya haya se\u00f1al de celular y listo!<\/p>\n<p>&nbsp;<\/p>\n<p>Algunas caracter\u00edsticas del Router con Chip de Largo Alcance para que lo compares con otros modelos:<\/p>\n<p>1\ufe0f\u20e3\u00a0 Funciona con todas las frecuencias 4G del pa\u00eds.<br \/>\n2\ufe0f\u20e3\u00a0 Tiene salida de cable de red y wifi para distribuir internet en un \u00e1rea de 500 a 1,000 metros.<br \/>\n3\ufe0f\u20e3\u00a0 Puede recibir internet por cable y cambiar al 4G solo cuando la conexi\u00f3n por cable falle o se congele.<br \/>\n4\ufe0f\u20e3\u00a0 Tiene dos frecuencias de redes wifi: la com\u00fan de 2.4 GHz y la de alta velocidad de 5 GHz.<br \/>\n5\ufe0f\u20e3\u00a0 Posee certificaci\u00f3n IP65 para protecci\u00f3n contra lluvia y polvo, ideal para instalarse en exteriores.<br \/>\n6\ufe0f\u20e3\u00a0\u00a0Entrada de antena 4G con conector SMA, permitiendo la instalaci\u00f3n de antenas m\u00e1s potentes.<br \/>\n7\ufe0f\u20e3\u00a0\u00a0Modo Mesh de conexi\u00f3n, que permite crear una red de routers wifi que se comunican entre s\u00ed y conectan todos los equipos a la misma red con la misma contrase\u00f1a. \u00a1Es como si tuvieras una s\u00faper red wifi cubriendo toda tu propiedad!<\/p>\n<p>&nbsp;<\/p>\n<p>Adem\u00e1s, por tener 4 antenas y ser de largo alcance, este router enviar\u00e1 la se\u00f1al wifi hasta 1000 metros en \u00e1reas planas y abiertas.<\/p>\n<p>&nbsp;<\/p>\n<p>El Router es externo, completamente sellado, y puede soportar lluvia y sol sin problemas. Resiste temperaturas extremas entre -30 y 70 grados. Para mayor protecci\u00f3n, tiene un polo negativo en la parte inferior que puede conectarse a tierra para proteger el Router contra sobretensiones y descargas el\u00e9ctricas de hasta 15 kV. \ud83c\udf29\ufe0f<\/p>\n<p>Con un alcance de hasta 1000 metros (en \u00e1reas planas y abiertas sin muchos \u00e1rboles), el Router generar\u00e1 una mayor cobertura de se\u00f1al wifi, permitiendo que te conectes a internet incluso en lugares m\u00e1s distantes. Instalando varios en Modo Mesh, los 1000 metros se ir\u00e1n multiplicando para cubrir toda tu propiedad con la misma red. \ud83d\udcf6<\/p>\n<p>&nbsp;<\/p>\n<p>Adem\u00e1s, el Router es extremadamente f\u00e1cil de instalar y configurar, haciendo que tu experiencia sea a\u00fan m\u00e1s pr\u00e1ctica y r\u00e1pida. No pierdas tiempo y dinero con soluciones que no cumplen tus necesidades o con tecnolog\u00edas m\u00e1s antiguas que no soportan la m\u00e1xima velocidad de tu conexi\u00f3n. \u26d4\ufe0f<\/p>\n<p>&nbsp;<\/p>\n<p><strong>Principales caracter\u00edsticas del Router con Chip de Largo Alcance:<\/strong><\/p>\n<p>1\ufe0f\u20e3\u00a0 Cuatro modos de operaci\u00f3n: red Mesh, router con cable, repetidor de se\u00f1al, y router con cable con repetici\u00f3n. \ud83d\udd03<br \/>\n2\ufe0f\u20e3\u00a0 Alcance hasta 1000 metros: Cobertura de se\u00f1al wifi ideal para \u00e1reas rurales y propiedades extensas. \ud83d\udd1d<br \/>\n3\ufe0f\u20e3\u00a0 Alta velocidad: Navega por internet, ve videos y descarga contenido de manera r\u00e1pida y eficiente con las redes 2.4 GHz y 5.8 GHz (alta velocidad).<br \/>\n4\ufe0f\u20e3\u00a0 Entrada para chip nano que permite captar la se\u00f1al 3G\/4G de las operadoras y usarla como internet por cable o wifi.<br \/>\n5\ufe0f\u20e3\u00a0 F\u00e1cil instalaci\u00f3n y configuraci\u00f3n: Ten tu conexi\u00f3n wifi de largo alcance funcionando en minutos, sin complicaciones. \ud83d\udc4d<br \/>\n6\ufe0f\u20e3\u00a0 Hasta 64 conexiones simult\u00e1neas para conectar todo lo que necesites en tu propiedad. \ud83e\udd33<br \/>\n7\ufe0f\u20e3\u00a0 Antenas con conector SMA est\u00e1ndar para cambiarlas por otros modelos direccionales y aumentar a\u00fan m\u00e1s la potencia del Router WiFi. \ud83d\udce1<br \/>\n8\ufe0f\u20e3\u00a0 Protecci\u00f3n externa contra lluvia, temperaturas extremas y descarga el\u00e9ctrica de hasta 15 kV. \ud83d\udcaa<\/p>\n<p>&nbsp;<\/p>\n<p><strong>\u00bfQu\u00e9 recibir\u00e1s en la caja del Router WiFi de Largo Alcance?<\/strong><\/p>\n<p>\u2705 01 Router con Chip de Largo Alcance con 4 antenas<br \/>\n\u2705 01 Fuente de electricidad para conectar al enchufe com\u00fan<br \/>\n\u2705 04 antenas de 7 dbi cada una para 2.4 GHz, 5 GHz y se\u00f1al 4G<br \/>\n\u2705 01 POE para conectar el equipo<br \/>\n\u2705 01 cable de red de 1 metro<br \/>\n\u2705 01 soporte de pl\u00e1stico para fijar el Router<br \/>\n\u2705 02 bridas de pl\u00e1stico para fijaci\u00f3n<br \/>\n\u2705 04 tornillos con tacos para fijaci\u00f3n<\/p>\n<p>&nbsp;<\/p>\n<p><strong style=\"font-size: 15px;\">SOBRE EL PEDIDO:<\/strong><\/p>\n<ul style=\"font-size: 15px;\">\n<li><strong>\u00a1El env\u00edo es gratis a cualquier parte del pa\u00eds! \ud83d\ude9a<\/strong><\/li>\n<li>El plazo de entrega es de aproximadamente 5 a 15 d\u00edas, dependiendo de la regi\u00f3n. \u23f3<\/li>\n<li>Una vez que realices el pago, te enviaremos una confirmaci\u00f3n por correo electr\u00f3nico.<\/li>\n<\/ul>\n<p>&nbsp;<\/p>\n<p><strong style=\"font-size: 18px;\">\u00bfEst\u00e1s interesado? Haga clic en el bot\u00f3n a continuaci\u00f3n para agregar al carrito o comprar ahora<\/strong><\/p>","protected":false},"featured_media":3498,"template":"","meta":[],"product_brand":[],"product_cat":[155,183],"product_tag":[199,164,149],"class_list":{"0":"post-3497","1":"product","2":"type-product","3":"status-publish","4":"has-post-thumbnail","6":"product_cat-conexao-internet-rural","7":"product_cat-wifi-longo-alcance","8":"product_tag-4g","9":"product_tag-chip","10":"product_tag-wifi","12":"first","13":"instock","14":"purchasable","15":"product-type-simple"},"etheme_brands":{"errors":{"invalid_taxonomy":["Taxonomia inv\u00e1lida."]},"error_data":[]},"_links":{"self":[{"href":"https:\/\/fugarural.com\/pt\/wp-json\/wp\/v2\/product\/3497","targetHints":{"allow":["GET"]}}],"collection":[{"href":"https:\/\/fugarural.com\/pt\/wp-json\/wp\/v2\/product"}],"about":[{"href":"https:\/\/fugarural.com\/pt\/wp-json\/wp\/v2\/types\/product"}],"version-history":[{"count":10,"href":"https:\/\/fugarural.com\/pt\/wp-json\/wp\/v2\/product\/3497\/revisions"}],"predecessor-version":[{"id":4476,"href":"https:\/\/fugarural.com\/pt\/wp-json\/wp\/v2\/product\/3497\/revisions\/4476"}],"wp:featuredmedia":[{"embeddable":true,"href":"https:\/\/fugarural.com\/pt\/wp-json\/wp\/v2\/media\/3498"}],"wp:attachment":[{"href":"https:\/\/fugarural.com\/pt\/wp-json\/wp\/v2\/media?parent=3497"}],"wp:term":[{"taxonomy":"product_brand","embeddable":true,"href":"https:\/\/fugarural.com\/pt\/wp-json\/wp\/v2\/product_brand?post=3497"},{"taxonomy":"product_cat","embeddable":true,"href":"https:\/\/fugarural.com\/pt\/wp-json\/wp\/v2\/product_cat?post=3497"},{"taxonomy":"product_tag","embeddable":true,"href":"https:\/\/fugarural.com\/pt\/wp-json\/wp\/v2\/product_tag?post=3497"}],"curies":[{"name":"wp","href":"https:\/\/api.w.org\/{rel}","templated":true}]}}