{"id":3501,"date":"2024-09-16T15:13:04","date_gmt":"2024-09-16T18:13:04","guid":{"rendered":"https:\/\/fugarural.com\/?post_type=product&#038;p=3501"},"modified":"2025-10-28T13:09:39","modified_gmt":"2025-10-28T16:09:39","slug":"pluviometro-digital-via-radio","status":"publish","type":"product","link":"https:\/\/fugarural.com\/pt\/product\/pluviometro-digital-via-radio\/","title":{"rendered":"PLUVI\u00d3METRO DIGITAL V\u00cdA RADIO"},"content":{"rendered":"","protected":false},"excerpt":{"rendered":"<p><strong>\u00a1Ent\u00e9rate de lo que est\u00e1 pasando todo el tiempo con el clima en tu propiedad! \u00bfCu\u00e1nto llovi\u00f3 la semana pasada? \u00bfCu\u00e1l fue la temperatura m\u00ednima de este mes? \u00bfCu\u00e1l fue la humedad m\u00e1s baja del periodo? Si vives en el campo, sabes que esta informaci\u00f3n es muy importante. \ud83c\udfe1\ud83e\udd20<\/strong><\/p>\n<p>\u00bfCansado de estar vaciando botellas de PET? \u00bfDe olvidar vaciar el pluvi\u00f3metro manual? \u00a1El Pluvi\u00f3metro Digital es para que monitorees el clima en tu terreno sin levantarte del sof\u00e1 y sin tener que anotar los valores en una libreta! \ud83c\udf26\ufe0f\u2600\ufe0f\ud83d\udecb\ufe0f<\/p>\n<p>&nbsp;<\/p>\n<p>El Pluvi\u00f3metro Digital por Radio funciona a trav\u00e9s de una base que se coloca en el exterior, en un lugar fijo y plano, enviando los datos de precipitaci\u00f3n, temperatura y humedad a una estaci\u00f3n interna. La comunicaci\u00f3n entre la base y la estaci\u00f3n es totalmente inal\u00e1mbrica. \ud83d\udce1<\/p>\n<p>El sensor opera mediante una balanza interna que mide el volumen de lluvia seg\u00fan su movimiento, por lo que no es necesario limpiar o vaciar el pluvi\u00f3metro, \u00a1se auto-vac\u00eda! \ud83d\udca6\ud83d\udd04<\/p>\n<p>&nbsp;<\/p>\n<p>\u00a1Mira este v\u00eddeo sobre el pluvi\u00f3metro digital! \ud83d\udc47<\/p>\n<p><iframe loading=\"lazy\" title=\"YouTube video player\" src=\"https:\/\/www.youtube.com\/embed\/o-Nb8pRr3PA\" width=\"315\" height=\"560\" frameborder=\"0\" allowfullscreen=\"allowfullscreen\"><span data-mce-type=\"bookmark\" style=\"display: inline-block; width: 0px; overflow: hidden; line-height: 0;\" class=\"mce_SELRES_start\"><\/span><\/iframe><\/p>\n<p>&nbsp;<\/p>\n<p><strong>\u00bfC\u00f3mo funciona en la pr\u00e1ctica? <\/strong>Instalar\u00e1s la base a una distancia de hasta 200 metros de la estaci\u00f3n interna. La base funciona con pilas y tiene un soporte con tornillos para que la fijes en una superficie plana. Puedes colocarla donde prefieras, sin necesidad de tener un enchufe cerca o pasar cables. Una vez encendida, la base comienza a enviar los datos a la estaci\u00f3n, que tambi\u00e9n funciona con pilas, permiti\u00e9ndote monitorear los datos c\u00f3modamente. \ud83d\udd0b\ud83d\udcf6<\/p>\n<p>&nbsp;<\/p>\n<p><strong>En la estaci\u00f3n, tendr\u00e1s la siguiente informaci\u00f3n:<\/strong><\/p>\n<p>\u2705 D\u00eda y hora de la semana \/ alarma<br \/>\n\u2705 Lluvia acumulada en el d\u00eda, semana, mes y periodo total<br \/>\n\u2705 Gr\u00e1fico del historial de lluvia del periodo<br \/>\n\u2705 Temperatura y humedad interna (del lugar donde est\u00e1 la estaci\u00f3n)<br \/>\n\u2705 Temperatura y humedad externa (del lugar donde est\u00e1 la base)<br \/>\n\u2705 Temperatura y humedad interna y externa m\u00e1ximas y m\u00ednimas para el periodo<\/p>\n<p>La estaci\u00f3n tambi\u00e9n tiene un bot\u00f3n de luz de fondo para que puedas leer la informaci\u00f3n incluso en total oscuridad. \ud83d\udca1<\/p>\n<p>&nbsp;<\/p>\n<p><strong>\u00bfQu\u00e9 recibir\u00e1s en la caja del Pluvi\u00f3metro Digital por Radio?<\/strong><\/p>\n<p>\u2705 01 Pluvi\u00f3metro<br \/>\n\u2705 01 base para fijaci\u00f3n<br \/>\n\u2705 03 tornillos<br \/>\n\u2705 01 llave de estrella peque\u00f1a<br \/>\n\u2705 01 Panel central para leer la informaci\u00f3n<\/p>\n<p>&nbsp;<\/p>\n<p><strong style=\"font-size: 15px;\">SOBRE EL PEDIDO:<\/strong><\/p>\n<ul style=\"font-size: 15px;\">\n<li><strong>\u00a1El env\u00edo es gratis a cualquier parte del pa\u00eds! \ud83d\ude9a<\/strong><\/li>\n<li>El plazo de entrega es de aproximadamente 5 a 15 d\u00edas, dependiendo de la regi\u00f3n. \u23f3<\/li>\n<li>Una vez que realices el pago, te enviaremos una confirmaci\u00f3n por correo electr\u00f3nico.<\/li>\n<li>El producto no incluye pilas.<\/li>\n<\/ul>\n<p>&nbsp;<\/p>\n<p><strong style=\"font-size: 18px;\">\u00bfEst\u00e1s interesado? Haga clic en el bot\u00f3n a continuaci\u00f3n para agregar al carrito o comprar ahora<\/strong><\/p>","protected":false},"featured_media":3502,"template":"","meta":[],"product_brand":[],"product_cat":[205],"product_tag":[200],"class_list":{"0":"post-3501","1":"product","2":"type-product","3":"status-publish","4":"has-post-thumbnail","6":"product_cat-automatizacion","7":"product_tag-pluviometro","9":"first","10":"instock","11":"shipping-taxable","12":"purchasable","13":"product-type-simple"},"etheme_brands":{"errors":{"invalid_taxonomy":["Taxonomia inv\u00e1lida."]},"error_data":[]},"_links":{"self":[{"href":"https:\/\/fugarural.com\/pt\/wp-json\/wp\/v2\/product\/3501","targetHints":{"allow":["GET"]}}],"collection":[{"href":"https:\/\/fugarural.com\/pt\/wp-json\/wp\/v2\/product"}],"about":[{"href":"https:\/\/fugarural.com\/pt\/wp-json\/wp\/v2\/types\/product"}],"version-history":[{"count":12,"href":"https:\/\/fugarural.com\/pt\/wp-json\/wp\/v2\/product\/3501\/revisions"}],"predecessor-version":[{"id":4475,"href":"https:\/\/fugarural.com\/pt\/wp-json\/wp\/v2\/product\/3501\/revisions\/4475"}],"wp:featuredmedia":[{"embeddable":true,"href":"https:\/\/fugarural.com\/pt\/wp-json\/wp\/v2\/media\/3502"}],"wp:attachment":[{"href":"https:\/\/fugarural.com\/pt\/wp-json\/wp\/v2\/media?parent=3501"}],"wp:term":[{"taxonomy":"product_brand","embeddable":true,"href":"https:\/\/fugarural.com\/pt\/wp-json\/wp\/v2\/product_brand?post=3501"},{"taxonomy":"product_cat","embeddable":true,"href":"https:\/\/fugarural.com\/pt\/wp-json\/wp\/v2\/product_cat?post=3501"},{"taxonomy":"product_tag","embeddable":true,"href":"https:\/\/fugarural.com\/pt\/wp-json\/wp\/v2\/product_tag?post=3501"}],"curies":[{"name":"wp","href":"https:\/\/api.w.org\/{rel}","templated":true}]}}