{"id":3520,"date":"2024-09-16T15:13:18","date_gmt":"2024-09-16T18:13:18","guid":{"rendered":"https:\/\/fugarural.com\/?post_type=product&#038;p=3520"},"modified":"2025-10-28T13:09:18","modified_gmt":"2025-10-28T16:09:18","slug":"camara-trampa-graba-al-rata","status":"publish","type":"product","link":"https:\/\/fugarural.com\/pt\/product\/camara-trampa-graba-al-rata\/","title":{"rendered":"C\u00c1MARA TRAMPA MINI"},"content":{"rendered":"","protected":false},"excerpt":{"rendered":"<p><strong>\u00bfConoces ese lugar aislado, en medio del campo, por donde sabes que pasa gente, pero no sabes qui\u00e9n? Pues bien, \u00a1la c\u00e1mara trampa ser\u00e1 tus ojos las 24 horas en ese lugar!\ud83c\udf3e\ud83d\udc40<\/strong><\/p>\n<p>Descubre qui\u00e9n est\u00e1 rondando tu propiedad, ya sean animales salvajes \ud83d\udc06\ud83d\udc04\ud83d\udc13 o ese animal de dos patas, vago, que act\u00faa con maldad. \ud83e\udd2c<\/p>\n<p>La c\u00e1mara trampa graba y toma fotos en lugares sin electricidad, sin luz y sin se\u00f1al wifi. Solo coloca las pilas, inserta la tarjeta de memoria, enci\u00e9ndela, \u00a1y grabar\u00e1 todo lo que detecte!<\/p>\n<p>&nbsp;<\/p>\n<p>\u00a1Mira este v\u00eddeo sobre la c\u00e1mara trampa! \ud83d\udc47<\/p>\n<p><iframe loading=\"lazy\" title=\"YouTube video player\" src=\"https:\/\/www.youtube.com\/embed\/PDTyZ_ER40Q\" width=\"315\" height=\"560\" frameborder=\"0\" allowfullscreen=\"allowfullscreen\"><span data-mce-type=\"bookmark\" style=\"display: inline-block; width: 0px; overflow: hidden; line-height: 0;\" class=\"mce_SELRES_start\"><\/span><\/iframe><\/p>\n<p>&nbsp;<\/p>\n<p>Este modelo es mini (cabe en la palma de la mano) y camuflado, \u00a1hecho para esconderse bien! Cuidado, algunas c\u00e1maras trampa m\u00e1s grandes son mucho m\u00e1s dif\u00edciles de colocar.<\/p>\n<p>Tiene una pantalla interna a color para que puedas ver las im\u00e1genes y videos en el mismo lugar, \u00a1muy pr\u00e1ctico! Adem\u00e1s, la c\u00e1mara tiene un seguro para colocar un candado, as\u00ed que adem\u00e1s de esconderla, puedes pasar una cadena y cerrar con candado si lo deseas.<\/p>\n<p>La c\u00e1mara est\u00e1 completamente sellada y hecha para soportar cualquier clima. Puedes dejarla bajo la lluvia o el sol y estar tranquilo.<\/p>\n<p>&nbsp;<\/p>\n<p>Esta es una imagen grabada por la c\u00e1mara trampa durante el d\u00eda:<\/p>\n<p><img loading=\"lazy\" decoding=\"async\" class=\"alignnone wp-image-4043 size-full\" src=\"https:\/\/fugarural.com\/wp-content\/uploads\/2024\/09\/camera_armadilha_dia.webp\" alt=\"\" width=\"2000\" height=\"900\" srcset=\"https:\/\/fugarural.com\/wp-content\/uploads\/2024\/09\/camera_armadilha_dia.webp 2000w, https:\/\/fugarural.com\/wp-content\/uploads\/2024\/09\/camera_armadilha_dia-300x135.webp 300w, https:\/\/fugarural.com\/wp-content\/uploads\/2024\/09\/camera_armadilha_dia-600x270.webp 600w, https:\/\/fugarural.com\/wp-content\/uploads\/2024\/09\/camera_armadilha_dia-1024x461.webp 1024w, https:\/\/fugarural.com\/wp-content\/uploads\/2024\/09\/camera_armadilha_dia-768x346.webp 768w, https:\/\/fugarural.com\/wp-content\/uploads\/2024\/09\/camera_armadilha_dia-1536x691.webp 1536w, https:\/\/fugarural.com\/wp-content\/uploads\/2024\/09\/camera_armadilha_dia-1x1.webp 1w, https:\/\/fugarural.com\/wp-content\/uploads\/2024\/09\/camera_armadilha_dia-10x5.webp 10w\" sizes=\"auto, (max-width: 2000px) 100vw, 2000px\" \/><\/p>\n<p>Y esta es una imagen nocturna, en total oscuridad, solo con el infrarrojo de la c\u00e1mara filmando:<\/p>\n<p><img loading=\"lazy\" decoding=\"async\" class=\"alignnone wp-image-4044 size-full\" src=\"https:\/\/fugarural.com\/wp-content\/uploads\/2024\/09\/camera_armadilha_noite.webp\" alt=\"\" width=\"2000\" height=\"900\" srcset=\"https:\/\/fugarural.com\/wp-content\/uploads\/2024\/09\/camera_armadilha_noite.webp 2000w, https:\/\/fugarural.com\/wp-content\/uploads\/2024\/09\/camera_armadilha_noite-300x135.webp 300w, https:\/\/fugarural.com\/wp-content\/uploads\/2024\/09\/camera_armadilha_noite-600x270.webp 600w, https:\/\/fugarural.com\/wp-content\/uploads\/2024\/09\/camera_armadilha_noite-1024x461.webp 1024w, https:\/\/fugarural.com\/wp-content\/uploads\/2024\/09\/camera_armadilha_noite-768x346.webp 768w, https:\/\/fugarural.com\/wp-content\/uploads\/2024\/09\/camera_armadilha_noite-1536x691.webp 1536w, https:\/\/fugarural.com\/wp-content\/uploads\/2024\/09\/camera_armadilha_noite-1x1.webp 1w, https:\/\/fugarural.com\/wp-content\/uploads\/2024\/09\/camera_armadilha_noite-10x5.webp 10w\" sizes=\"auto, (max-width: 2000px) 100vw, 2000px\" \/><\/p>\n<hr \/>\n<p>Ventajas exclusivas:<\/p>\n<p>1\ufe0f\u20e3\u00a0 C\u00e1mara versi\u00f3n mini, \u00a1para esconderla bien oculta! \ud83d\udd1d<br \/>\n2\ufe0f\u20e3\u00a0 Graba im\u00e1genes en 8 megap\u00edxeles y videos en resoluci\u00f3n FullHD<br \/>\n3\ufe0f\u20e3\u00a0 Protecci\u00f3n total contra lluvia y polvo, ideal para el ambiente rural \ud83c\udf26\ufe0f<br \/>\n4\ufe0f\u20e3\u00a0 LEDs infrarrojos para grabaci\u00f3n en total oscuridad con un alcance de hasta 5 metros \ud83d\udc40<\/p>\n<p>&nbsp;<\/p>\n<p><strong style=\"font-size: 15px;\">SOBRE EL PEDIDO:<\/strong><\/p>\n<ul style=\"font-size: 15px;\">\n<li><strong>\u00a1El env\u00edo es gratis a cualquier parte del pa\u00eds! \ud83d\ude9a<\/strong><\/li>\n<li>El plazo de entrega es de aproximadamente 5 a 15 d\u00edas, dependiendo de la regi\u00f3n. \u23f3<\/li>\n<li>Una vez que realices el pago, te enviaremos una confirmaci\u00f3n por correo electr\u00f3nico.<\/li>\n<li>El producto no incluye pilas ni tarjeta de memoria.<\/li>\n<\/ul>\n<p>&nbsp;<\/p>\n<p><strong style=\"font-size: 18px;\">\u00bfEst\u00e1s interesado? Haga clic en el bot\u00f3n a continuaci\u00f3n para agregar al carrito o comprar ahora<\/strong><\/p>","protected":false},"featured_media":3521,"template":"","meta":[],"product_brand":[],"product_cat":[207],"product_tag":[201,169,150,202],"class_list":{"0":"post-3520","1":"product","2":"type-product","3":"status-publish","4":"has-post-thumbnail","6":"product_cat-camaras","7":"product_tag-armadilha","8":"product_tag-camera","9":"product_tag-seguranca","10":"product_tag-trap","12":"first","13":"instock","14":"shipping-taxable","15":"purchasable","16":"product-type-simple"},"etheme_brands":{"errors":{"invalid_taxonomy":["Taxonomia inv\u00e1lida."]},"error_data":[]},"_links":{"self":[{"href":"https:\/\/fugarural.com\/pt\/wp-json\/wp\/v2\/product\/3520","targetHints":{"allow":["GET"]}}],"collection":[{"href":"https:\/\/fugarural.com\/pt\/wp-json\/wp\/v2\/product"}],"about":[{"href":"https:\/\/fugarural.com\/pt\/wp-json\/wp\/v2\/types\/product"}],"version-history":[{"count":23,"href":"https:\/\/fugarural.com\/pt\/wp-json\/wp\/v2\/product\/3520\/revisions"}],"predecessor-version":[{"id":3573,"href":"https:\/\/fugarural.com\/pt\/wp-json\/wp\/v2\/product\/3520\/revisions\/3573"}],"wp:featuredmedia":[{"embeddable":true,"href":"https:\/\/fugarural.com\/pt\/wp-json\/wp\/v2\/media\/3521"}],"wp:attachment":[{"href":"https:\/\/fugarural.com\/pt\/wp-json\/wp\/v2\/media?parent=3520"}],"wp:term":[{"taxonomy":"product_brand","embeddable":true,"href":"https:\/\/fugarural.com\/pt\/wp-json\/wp\/v2\/product_brand?post=3520"},{"taxonomy":"product_cat","embeddable":true,"href":"https:\/\/fugarural.com\/pt\/wp-json\/wp\/v2\/product_cat?post=3520"},{"taxonomy":"product_tag","embeddable":true,"href":"https:\/\/fugarural.com\/pt\/wp-json\/wp\/v2\/product_tag?post=3520"}],"curies":[{"name":"wp","href":"https:\/\/api.w.org\/{rel}","templated":true}]}}