{"id":3548,"date":"2024-09-16T15:13:37","date_gmt":"2024-09-16T18:13:37","guid":{"rendered":"https:\/\/fugarural.com\/?post_type=product&#038;p=3548"},"modified":"2025-10-28T13:08:33","modified_gmt":"2025-10-28T16:08:33","slug":"camera-armadilha-blindada","status":"publish","type":"product","link":"https:\/\/fugarural.com\/pt\/product\/camera-armadilha-blindada\/","title":{"rendered":"C\u00c1MARA TRAMPA BLINDADA"},"content":{"rendered":"","protected":false},"excerpt":{"rendered":"<p>\u00bfConoces ese lugar aislado, en medio del campo, por donde sabes que pasa gente, pero no sabes qui\u00e9n? Pues bien, \u00a1la c\u00e1mara trampa ser\u00e1 tus ojos las 24 horas en ese lugar!\ud83c\udf3e\ud83d\udc40<\/p>\n<p>Descubre qui\u00e9n est\u00e1 rondando tu propiedad, ya sea animales salvajes \ud83d\udc06\ud83d\udc04\ud83d\udc13, o ese animal de dos patas, vago, que act\u00faa con maldad. \ud83e\udd2c<\/p>\n<p>La diferencia de esta versi\u00f3n es que viene con una caja de metal de alta resistencia que protege completamente la c\u00e1mara contra intrusos. \u00a1Encadena la caja a una estructura firme y rel\u00e1jate sabiendo que nadie podr\u00e1 llev\u00e1rsela!<\/p>\n<p>Esta c\u00e1mara trampa graba y toma fotos en lugares sin electricidad, sin luz y sin se\u00f1al wifi. Solo coloca las pilas, inserta la tarjeta de memoria, enci\u00e9ndela, \u00a1y grabar\u00e1 todo lo que detecte!<\/p>\n<p>La c\u00e1mara incluso tiene una pantalla interna a color para que puedas ver las im\u00e1genes y videos en el mismo lugar, \u00a1muy pr\u00e1ctico! Adem\u00e1s, cuenta con protecci\u00f3n para resistir las inclemencias del tiempo, por lo que puedes dejarla bajo la lluvia o al sol sin preocupaciones.<\/p>\n<p>Ventajas exclusivas:<\/p>\n<p>1\ufe0f\u20e3\u00a0 C\u00e1mara versi\u00f3n blindada con caja de metal ultra resistente contra el vandalismo. \ud83d\udd1d<br \/>\n2\ufe0f\u20e3\u00a0 Graba im\u00e1genes en 20 megap\u00edxeles y videos en resoluci\u00f3n FullHD.<br \/>\n3\ufe0f\u20e3\u00a0 Protecci\u00f3n total contra lluvia y polvo, ideal para el ambiente rural. \ud83c\udf26\ufe0f<br \/>\n4\ufe0f\u20e3\u00a0 LEDs infrarrojos para grabar en total oscuridad a una distancia de hasta 10 metros. \ud83d\udc40<br \/>\n5\ufe0f\u20e3\u00a0 Funciona con 8 pilas comunes, no necesitas recargarlas constantemente.<br \/>\n6\ufe0f\u20e3\u00a0 Tiene una salida micro USB para descargar las im\u00e1genes de la tarjeta y tambi\u00e9n conectar la c\u00e1mara a la electricidad (para usarla sin pilas).<\/p>\n<p>&nbsp;<\/p>\n<p>[trustindex data-widget-id=bca86a1387f341638866f503b6f]<\/p>\n<p>&nbsp;<\/p>\n<p><strong style=\"font-size: 15px;\">SOBRE EL PEDIDO:<\/strong><\/p>\n<ul style=\"font-size: 15px;\">\n<li><strong>\u00a1El env\u00edo es gratis a cualquier parte del pa\u00eds! \ud83d\ude9a<\/strong><\/li>\n<li>El plazo de entrega es de aproximadamente 5 a 15 d\u00edas, dependiendo de la regi\u00f3n. \u23f3<\/li>\n<li>Una vez que realices el pago, te enviaremos una confirmaci\u00f3n por correo electr\u00f3nico.<\/li>\n<li>El producto no incluye pilas ni tarjeta de memoria.<\/li>\n<\/ul>\n<p>&nbsp;<\/p>\n<p><strong style=\"font-size: 18px;\">\u00bfEst\u00e1s interesado? Haga clic en el bot\u00f3n a continuaci\u00f3n para agregar al carrito o comprar ahora<\/strong><\/p>","protected":false},"featured_media":3549,"template":"","meta":[],"product_brand":[],"product_cat":[207],"product_tag":[201,169,150,202],"class_list":{"0":"post-3548","1":"product","2":"type-product","3":"status-publish","4":"has-post-thumbnail","6":"product_cat-camaras","7":"product_tag-armadilha","8":"product_tag-camera","9":"product_tag-seguranca","10":"product_tag-trap","12":"first","13":"instock","14":"shipping-taxable","15":"purchasable","16":"product-type-simple"},"etheme_brands":{"errors":{"invalid_taxonomy":["Taxonomia inv\u00e1lida."]},"error_data":[]},"_links":{"self":[{"href":"https:\/\/fugarural.com\/pt\/wp-json\/wp\/v2\/product\/3548","targetHints":{"allow":["GET"]}}],"collection":[{"href":"https:\/\/fugarural.com\/pt\/wp-json\/wp\/v2\/product"}],"about":[{"href":"https:\/\/fugarural.com\/pt\/wp-json\/wp\/v2\/types\/product"}],"version-history":[{"count":13,"href":"https:\/\/fugarural.com\/pt\/wp-json\/wp\/v2\/product\/3548\/revisions"}],"predecessor-version":[{"id":4468,"href":"https:\/\/fugarural.com\/pt\/wp-json\/wp\/v2\/product\/3548\/revisions\/4468"}],"wp:featuredmedia":[{"embeddable":true,"href":"https:\/\/fugarural.com\/pt\/wp-json\/wp\/v2\/media\/3549"}],"wp:attachment":[{"href":"https:\/\/fugarural.com\/pt\/wp-json\/wp\/v2\/media?parent=3548"}],"wp:term":[{"taxonomy":"product_brand","embeddable":true,"href":"https:\/\/fugarural.com\/pt\/wp-json\/wp\/v2\/product_brand?post=3548"},{"taxonomy":"product_cat","embeddable":true,"href":"https:\/\/fugarural.com\/pt\/wp-json\/wp\/v2\/product_cat?post=3548"},{"taxonomy":"product_tag","embeddable":true,"href":"https:\/\/fugarural.com\/pt\/wp-json\/wp\/v2\/product_tag?post=3548"}],"curies":[{"name":"wp","href":"https:\/\/api.w.org\/{rel}","templated":true}]}}