{"id":4401,"date":"2024-12-12T15:04:10","date_gmt":"2024-12-12T18:04:10","guid":{"rendered":"https:\/\/fugarural.com\/?post_type=product&#038;p=4401"},"modified":"2025-12-03T17:06:23","modified_gmt":"2025-12-03T20:06:23","slug":"estacion-meteorologica-online","status":"publish","type":"product","link":"https:\/\/fugarural.com\/pt\/product\/estacion-meteorologica-online\/","title":{"rendered":"ESTA\u00c7\u00c3O METEOROL\u00d3GICA ONLINE"},"content":{"rendered":"","protected":false},"excerpt":{"rendered":"<p>&nbsp;<\/p>\n<p><strong>\u00bfNecesitas saber c\u00f3mo est\u00e1 cambiando el clima en tu finca? \u00bfQuiere el pron\u00f3stico del tiempo para su propiedad y no para la ciudad m\u00e1s cercana? \u00a1Yo te ayudar\u00e9! \ud83c\udfe1\ud83e\udd20<\/strong><\/p>\n<p><strong>Esta estaci\u00f3n meteorol\u00f3gica en l\u00ednea monitorea el clima por usted y hace el pron\u00f3stico local, por lo que ya no necesita abrir 3 aplicaciones diferentes, que no funcionan correctamente para su regi\u00f3n y a\u00fan as\u00ed lo siguen llenando de anuncios. \ud83c\udf26\ufe0f\u2600\ufe0f\ud83d\udecb\ufe0f<\/strong><\/p>\n<p>&nbsp;<\/p>\n<p>La Estaci\u00f3n Meteorol\u00f3gica Online monitorea toda la informaci\u00f3n meteorol\u00f3gica y te muestra en tiempo real lo que est\u00e1 pasando, ya sea en el centro interno o en la app de tu celular! Mira todo lo que colecciona:<\/p>\n<p>\u2705 Lluvia acumulada en el d\u00eda, semana, mes y periodo total<br \/>\n\u2705 Velocidad y direcci\u00f3n del viento<br \/>\n\u2705 Radiaci\u00f3n solar e \u00edndice UV<br \/>\n\u2705 Temperatura y humedad<br \/>\n\u2705 Calidad del aire<\/p>\n<p>Adem\u00e1s de la medici\u00f3n, en la aplicaci\u00f3n podr\u00e1s monitorear la previsi\u00f3n meteorol\u00f3gica para los pr\u00f3ximos 5 d\u00edas,\u00a0 as\u00ed como realizar una serie de automatismos para recibir alertas personalizadas (hoy llovi\u00f3 m\u00e1s de 50 mm, por ejemplo), controlar los equipos (activar riego cuando no llovi\u00f3) e incluso registrar los datos.<\/p>\n<p>\u00a1Todos los sensores son autom\u00e1ticos! \u00a1No necesitas hacer nada! Simplemente instale, inserte las bater\u00edas y sincronice con la unidad\/aplicaci\u00f3n de control interno. Ya no tendr\u00e1s que vaciar el pluvi\u00f3metro y tomar notas en una libreta todos los d\u00edas. \ud83d\udca6\ud83d\udd04<\/p>\n<p>&nbsp;<\/p>\n<p><strong>\u00bfQuieres saber m\u00e1s sobre ella? Mira este video completo que grab\u00e9 aqu\u00ed en mi rancho \ud83d\udc47<\/strong><\/p>\n<p><iframe loading=\"lazy\" title=\"YouTube video player\" src=\"https:\/\/www.youtube.com\/embed\/5SYUYug1gc4\" width=\"315\" height=\"560\" frameborder=\"0\" allowfullscreen=\"allowfullscreen\"><span data-mce-type=\"bookmark\" style=\"display: inline-block; width: 0px; overflow: hidden; line-height: 0;\" class=\"mce_SELRES_start\"><\/span><span data-mce-type=\"bookmark\" style=\"display: inline-block; width: 0px; overflow: hidden; line-height: 0;\" class=\"mce_SELRES_start\"><\/span><\/iframe><\/p>\n<p>&nbsp;<\/p>\n<p>\u00bfC\u00f3mo funciona en la pr\u00e1ctica? Instalar\u00e1s la base a una distancia de hasta 100 metros de la unidad de control interno. La base funciona con pilas y tiene un soporte con tornillos para que puedas fijarla a cualquier varilla. Podr\u00e1s colocarlo donde mejor te parezca, sin necesidad de tener una toma de corriente cerca ni tirar de cableado. Tan pronto como se enciende, la base comienza a enviar datos al centro, lo que le permite monitorear los datos c\u00f3modamente. La centralita se enchufa a una toma de corriente del interior de la casa y adem\u00e1s lleva 2 pilas (que conservar\u00e1n los datos si se corta la luz).\u00a0Finalmente, descargando la aplicaci\u00f3n Smart Life y sincroniz\u00e1ndola, \u00a1tendr\u00e1s todos los datos en la palma de tu mano! \ud83d\udd0b\ud83d\udcf6<\/p>\n<p><strong>\u00a1ATENCI\u00d3N! \u00a1La Central Meteorol\u00f3gica en L\u00ednea NO tiene tarifa mensual! \u00a1No tendr\u00e1s que pagar nada m\u00e1s!<\/strong><\/p>\n<p>&nbsp;<\/p>\n<p>La aplicaci\u00f3n Smart Life tambi\u00e9n acumula y presenta todos los datos de los sensores para la serie hist\u00f3rica de D\u00eda, Semana, Mes y A\u00f1o para que no pierdas ninguna informaci\u00f3n. A continuaci\u00f3n te dejamos la pantalla de estad\u00edsticas de la aplicaci\u00f3n para que puedas ver c\u00f3mo es \ud83d\udc47<\/p>\n<p><img loading=\"lazy\" decoding=\"async\" class=\"alignnone wp-image-4426 size-full\" src=\"https:\/\/fugarural.com\/wp-content\/uploads\/2024\/12\/Estacao_Clima_Dados_Estatisticas.gif\" alt=\"\" width=\"600\" height=\"1067\" \/><\/p>\n<p>&nbsp;<\/p>\n<p>\u00bfQu\u00e9 obtienes en el cuadro de Estaci\u00f3n Meteorol\u00f3gica en L\u00ednea?<\/p>\n<p>\u2705 01 Estaci\u00f3n Meteorol\u00f3gica<br \/>\n\u2705 01 Base para fijaci\u00f3n<br \/>\n\u2705 01 Panel central de lectura de informaci\u00f3n con wifi<br \/>\n\u2705 01 Juego de tornillos y destornillador<\/p>\n<p>&nbsp;<\/p>\n<p><strong style=\"font-size: 15px;\">SOBRE EL PEDIDO:<\/strong><\/p>\n<ul style=\"font-size: 15px;\">\n<li><strong>\u00a1El env\u00edo es gratis a cualquier parte del pa\u00eds! \ud83d\ude9a<\/strong><\/li>\n<li>El plazo de entrega es de aproximadamente 5 a 15 d\u00edas, dependiendo de la regi\u00f3n. \u23f3<\/li>\n<li>Una vez que realices el pago, te enviaremos una confirmaci\u00f3n por correo electr\u00f3nico.<\/li>\n<li>El producto no incluye pilas.<\/li>\n<\/ul>\n<p>&nbsp;<\/p>\n<p><strong style=\"font-size: 18px;\">\u00bfEst\u00e1s interesado? Haga clic en el bot\u00f3n a continuaci\u00f3n para agregar al carrito o comprar ahora<\/strong><\/p>","protected":false},"featured_media":4686,"template":"","meta":[],"product_brand":[],"product_cat":[205],"product_tag":[210,209,149],"class_list":{"0":"post-4401","1":"product","2":"type-product","3":"status-publish","4":"has-post-thumbnail","6":"product_cat-automatizacion","7":"product_tag-clima","8":"product_tag-meteorologia","9":"product_tag-wifi","11":"first","12":"instock","13":"sale","14":"shipping-taxable","15":"purchasable","16":"product-type-simple"},"etheme_brands":{"errors":{"invalid_taxonomy":["Taxonomia inv\u00e1lida."]},"error_data":[]},"_links":{"self":[{"href":"https:\/\/fugarural.com\/pt\/wp-json\/wp\/v2\/product\/4401","targetHints":{"allow":["GET"]}}],"collection":[{"href":"https:\/\/fugarural.com\/pt\/wp-json\/wp\/v2\/product"}],"about":[{"href":"https:\/\/fugarural.com\/pt\/wp-json\/wp\/v2\/types\/product"}],"version-history":[{"count":7,"href":"https:\/\/fugarural.com\/pt\/wp-json\/wp\/v2\/product\/4401\/revisions"}],"predecessor-version":[{"id":4743,"href":"https:\/\/fugarural.com\/pt\/wp-json\/wp\/v2\/product\/4401\/revisions\/4743"}],"wp:featuredmedia":[{"embeddable":true,"href":"https:\/\/fugarural.com\/pt\/wp-json\/wp\/v2\/media\/4686"}],"wp:attachment":[{"href":"https:\/\/fugarural.com\/pt\/wp-json\/wp\/v2\/media?parent=4401"}],"wp:term":[{"taxonomy":"product_brand","embeddable":true,"href":"https:\/\/fugarural.com\/pt\/wp-json\/wp\/v2\/product_brand?post=4401"},{"taxonomy":"product_cat","embeddable":true,"href":"https:\/\/fugarural.com\/pt\/wp-json\/wp\/v2\/product_cat?post=4401"},{"taxonomy":"product_tag","embeddable":true,"href":"https:\/\/fugarural.com\/pt\/wp-json\/wp\/v2\/product_tag?post=4401"}],"curies":[{"name":"wp","href":"https:\/\/api.w.org\/{rel}","templated":true}]}}