{"id":4615,"date":"2025-03-17T14:01:27","date_gmt":"2025-03-17T17:01:27","guid":{"rendered":"https:\/\/fugarural.com\/?post_type=product&#038;p=4615"},"modified":"2025-10-28T13:07:50","modified_gmt":"2025-10-28T16:07:50","slug":"control-remoto-rural","status":"publish","type":"product","link":"https:\/\/fugarural.com\/pt\/product\/control-remoto-rural\/","title":{"rendered":"CONTROL REMOTO RURAL"},"content":{"rendered":"","protected":false},"excerpt":{"rendered":"<p>\u00bfEst\u00e1s cansado de tener que caminar hasta el tanque de agua para encender y apagar la bomba? \u00bfHasta la puerta para encender y apagar la luz? \u00bfAl cultivo para activar y desactivar el riego? \u00a1El control remoto rural te ahorrar\u00e1 tiempo y piernas!<\/p>\n<p>\u00a1El Control Remoto Rural funciona con cualquier equipo el\u00e9ctrico con un voltaje de funcionamiento entre 85 y 250V y una corriente de 30A! Podr\u00e1s encender y apagar bombas, motores, luces y otros equipos que necesites para tu vida diaria en la granja.<\/p>\n<p>El Control Remoto Rural tiene 2 partes, un control remoto con botones ON\/OFF (que funciona con una peque\u00f1a bater\u00eda incluida en el paquete) y un interruptor automatizado que se instala en el cableado el\u00e9ctrico que alimenta el equipo que se desea controlar.<\/p>\n<p>\u00bfC\u00f3mo funciona? \u00a1Simple! Conectas el interruptor a la red el\u00e9ctrica del equipo que quieras controlar y listo, al presionar ON en el control remoto el equipo enciende y al presionar OFF se apaga! \ud83e\udd20<\/p>\n<p>\u00bfPero realmente llegar\u00e1 lejos? \u00a1Esto llega muy lejos! El Telemando Rural utiliza la frecuencia de 433 MHz, adecuada para la automatizaci\u00f3n, que es capaz de alcanzar grandes distancias, hasta 1.000 metros. Esta frecuencia es tan fuerte que incluso penetra la vegetaci\u00f3n y obst\u00e1culos bajos.<\/p>\n<p>En la caja recibir\u00e1s:<\/p>\n<p>\u27a1\ufe0f 01 Control remoto con teclas ON\/OFF y antena retr\u00e1ctil<br \/>\n\u27a1\ufe0f 01 Interruptor con entrada de 85 a 250V y 30A<br \/>\n\u27a1\ufe0f 01 Bater\u00eda para el control remoto<\/p>\n<p>&nbsp;<\/p>\n<p><strong>\u00bfQuieres saber m\u00e1s sobre ello? Mira este video completo que grab\u00e9 aqu\u00ed en mi rancho \ud83d\udc47<\/strong><\/p>\n<p><iframe loading=\"lazy\" title=\"YouTube video player\" src=\"https:\/\/www.youtube.com\/embed\/oXGqTMHHxv0\" width=\"315\" height=\"560\" frameborder=\"0\" allowfullscreen=\"allowfullscreen\"><span data-mce-type=\"bookmark\" style=\"display: inline-block; width: 0px; overflow: hidden; line-height: 0;\" class=\"mce_SELRES_start\"><\/span><span data-mce-type=\"bookmark\" style=\"display: inline-block; width: 0px; overflow: hidden; line-height: 0;\" class=\"mce_SELRES_start\"><\/span><\/iframe><\/p>\n<p>&nbsp;<\/p>\n<p><strong style=\"font-size: 15px;\">SOBRE EL PEDIDO:<\/strong><\/p>\n<ul style=\"font-size: 15px;\">\n<li><strong>\u00a1El env\u00edo es gratis a cualquier parte del pa\u00eds! \ud83d\ude9a<\/strong><\/li>\n<li>El plazo de entrega es de aproximadamente 5 a 15 d\u00edas, dependiendo de la regi\u00f3n. \u23f3<\/li>\n<li>Una vez que realices el pago, te enviaremos una confirmaci\u00f3n por correo electr\u00f3nico.<\/li>\n<\/ul>\n<p>&nbsp;<\/p>","protected":false},"featured_media":4616,"template":"","meta":[],"product_brand":[],"product_cat":[205],"product_tag":[227,228],"class_list":{"0":"post-4615","1":"product","2":"type-product","3":"status-publish","4":"has-post-thumbnail","6":"product_cat-automatizacion","7":"product_tag-control","8":"product_tag-remoto","10":"first","11":"instock","12":"shipping-taxable","13":"purchasable","14":"product-type-simple"},"etheme_brands":{"errors":{"invalid_taxonomy":["Taxonomia inv\u00e1lida."]},"error_data":[]},"_links":{"self":[{"href":"https:\/\/fugarural.com\/pt\/wp-json\/wp\/v2\/product\/4615","targetHints":{"allow":["GET"]}}],"collection":[{"href":"https:\/\/fugarural.com\/pt\/wp-json\/wp\/v2\/product"}],"about":[{"href":"https:\/\/fugarural.com\/pt\/wp-json\/wp\/v2\/types\/product"}],"version-history":[{"count":4,"href":"https:\/\/fugarural.com\/pt\/wp-json\/wp\/v2\/product\/4615\/revisions"}],"predecessor-version":[{"id":4620,"href":"https:\/\/fugarural.com\/pt\/wp-json\/wp\/v2\/product\/4615\/revisions\/4620"}],"wp:featuredmedia":[{"embeddable":true,"href":"https:\/\/fugarural.com\/pt\/wp-json\/wp\/v2\/media\/4616"}],"wp:attachment":[{"href":"https:\/\/fugarural.com\/pt\/wp-json\/wp\/v2\/media?parent=4615"}],"wp:term":[{"taxonomy":"product_brand","embeddable":true,"href":"https:\/\/fugarural.com\/pt\/wp-json\/wp\/v2\/product_brand?post=4615"},{"taxonomy":"product_cat","embeddable":true,"href":"https:\/\/fugarural.com\/pt\/wp-json\/wp\/v2\/product_cat?post=4615"},{"taxonomy":"product_tag","embeddable":true,"href":"https:\/\/fugarural.com\/pt\/wp-json\/wp\/v2\/product_tag?post=4615"}],"curies":[{"name":"wp","href":"https:\/\/api.w.org\/{rel}","templated":true}]}}