{"id":4666,"date":"2025-11-06T12:58:46","date_gmt":"2025-11-06T15:58:46","guid":{"rendered":"https:\/\/fugarural.com\/product\/kit-black-granja-segura\/"},"modified":"2025-12-03T17:28:10","modified_gmt":"2025-12-03T20:28:10","slug":"kit-black-granja-segura","status":"publish","type":"product","link":"https:\/\/fugarural.com\/pt\/product\/kit-black-granja-segura\/","title":{"rendered":"KIT TU GRANJA SEGURA"},"content":{"rendered":"","protected":false},"excerpt":{"rendered":"<p>&nbsp;<\/p>\n<p>\u00bfQuieres saber m\u00e1s sobre los productos? Haz clic en los enlaces para obtener m\u00e1s informaci\u00f3n:<\/p>\n<p>Router wifi rural de largo alcance para 1000 metros \ud83d\udc47<br \/>\n<a href=\"https:\/\/fugarural.com\/pt\/product\/roteador-wifi-rural-de-longo-alcance-de-4-antenas\/\" target=\"_blank\" rel=\"noopener\">https:\/\/fugarural.com\/product\/roteador-wifi-rural-de-longo-alcance-de-4-antenas<\/a><\/p>\n<p>2x C\u00e1maras inteligentes con wifi \ud83d\udc47<br \/>\n<a href=\"https:\/\/fugarural.com\/pt\/product\/camera-inteligente-com-wifi\/\" target=\"_blank\" rel=\"noopener\">https:\/\/fugarural.com\/product\/camera-inteligente-com-wifi<\/a><\/p>\n<p>C\u00e1mara solar con bater\u00eda y wifi \ud83d\udc47<br \/>\n<a href=\"https:\/\/fugarural.com\/pt\/product\/camara-solar-con-bateria-y-wifi\/\" target=\"_blank\" rel=\"noopener\">https:\/\/fugarural.com\/product\/camara-solar-con-bateria-y-wifi<\/a><\/p>\n<p>&nbsp;<\/p>\n<p>\u00bfQu\u00e9 obtienes en el Kit?<\/p>\n<p>\u2705 01 Router wifi de largo alcance para 1000 metros<br \/>\n\u2705 02 C\u00e1maras inteligentes con wifi<br \/>\n\u2705 01 C\u00e1mara solar con bater\u00eda y wifi<\/p>\n<p><strong style=\"font-size: 15px;\">SOBRE EL PEDIDO:<\/strong><\/p>\n<ul style=\"font-size: 15px;\">\n<li><strong>\u00a1El env\u00edo es gratis a cualquier parte del pa\u00eds! \ud83d\ude9a<\/strong><\/li>\n<li>El plazo de entrega es de aproximadamente 5 a 15 d\u00edas, dependiendo de la regi\u00f3n. \u23f3<\/li>\n<li>Una vez que realices el pago, te enviaremos una confirmaci\u00f3n por correo electr\u00f3nico.<\/li>\n<\/ul>\n<p>&nbsp;<\/p>","protected":false},"featured_media":4688,"template":"","meta":[],"product_brand":[],"product_cat":[197],"product_tag":[198],"class_list":{"0":"post-4666","1":"product","2":"type-product","3":"status-publish","4":"has-post-thumbnail","6":"product_cat-super-kits","7":"product_tag-kit","9":"first","10":"instock","11":"sale","12":"shipping-taxable","13":"purchasable","14":"product-type-simple"},"etheme_brands":{"errors":{"invalid_taxonomy":["Taxonomia inv\u00e1lida."]},"error_data":[]},"_links":{"self":[{"href":"https:\/\/fugarural.com\/pt\/wp-json\/wp\/v2\/product\/4666","targetHints":{"allow":["GET"]}}],"collection":[{"href":"https:\/\/fugarural.com\/pt\/wp-json\/wp\/v2\/product"}],"about":[{"href":"https:\/\/fugarural.com\/pt\/wp-json\/wp\/v2\/types\/product"}],"version-history":[{"count":4,"href":"https:\/\/fugarural.com\/pt\/wp-json\/wp\/v2\/product\/4666\/revisions"}],"predecessor-version":[{"id":4750,"href":"https:\/\/fugarural.com\/pt\/wp-json\/wp\/v2\/product\/4666\/revisions\/4750"}],"wp:featuredmedia":[{"embeddable":true,"href":"https:\/\/fugarural.com\/pt\/wp-json\/wp\/v2\/media\/4688"}],"wp:attachment":[{"href":"https:\/\/fugarural.com\/pt\/wp-json\/wp\/v2\/media?parent=4666"}],"wp:term":[{"taxonomy":"product_brand","embeddable":true,"href":"https:\/\/fugarural.com\/pt\/wp-json\/wp\/v2\/product_brand?post=4666"},{"taxonomy":"product_cat","embeddable":true,"href":"https:\/\/fugarural.com\/pt\/wp-json\/wp\/v2\/product_cat?post=4666"},{"taxonomy":"product_tag","embeddable":true,"href":"https:\/\/fugarural.com\/pt\/wp-json\/wp\/v2\/product_tag?post=4666"}],"curies":[{"name":"wp","href":"https:\/\/api.w.org\/{rel}","templated":true}]}}